{"id":106,"date":"2022-02-14T21:12:41","date_gmt":"2022-02-14T21:12:41","guid":{"rendered":"https:\/\/yukarisokak.com\/?page_id=106"},"modified":"2022-03-21T20:11:49","modified_gmt":"2022-03-21T20:11:49","slug":"oda-2","status":"publish","type":"page","link":"https:\/\/yukarisokak.com\/?page_id=106","title":{"rendered":"ODA 2"},"content":{"rendered":"<div class=\"container section-title-container\" ><h1 class=\"section-title section-title-normal\"><b><\/b><span class=\"section-title-main\" >ODA 2<\/span><b><\/b><\/h1><\/div>\n<p><span style=\"font-size: 120%;\">Lavanta konsepti ve \u00e7ar\u015f\u0131 manzaras\u0131yla 2 numaral\u0131 odam\u0131z ;<br \/><\/span><\/p>\n\n  \n    <div id=\"gallery-1298246326\" class=\"row large-columns-2 medium-columns- small-columns-2 row-small row-masonry\" data-packery-options='{\"itemSelector\": \".col\", \"gutter\": 0, \"presentageWidth\" : true}'>\n\n          <div class=\"gallery-col col\" >\n          <div class=\"col-inner\">\n            <a class=\"image-lightbox lightbox-gallery\" href=\"https:\/\/yukarisokak.com\/wp-content\/uploads\/2022\/02\/oda_2_17.jpg\" title=\"\">            <div class=\"box has-hover gallery-box box-overlay dark\">\n              <div class=\"box-image box-shadow-4 box-shadow-5-hover\" >\n                <img loading=\"lazy\" decoding=\"async\" width=\"300\" height=\"200\" src=\"https:\/\/yukarisokak.com\/wp-content\/uploads\/2022\/02\/oda_2_17-300x200.jpg\" class=\"attachment-medium size-medium\" alt=\"\" ids=\"115,116,117,118,119,187,186,185,188\" type=\"masonry\" col_spacing=\"small\" columns=\"2\" columns__sm=\"2\" depth=\"4\" depth_hover=\"5\" srcset=\"https:\/\/yukarisokak.com\/wp-content\/uploads\/2022\/02\/oda_2_17-300x200.jpg 300w, https:\/\/yukarisokak.com\/wp-content\/uploads\/2022\/02\/oda_2_17.jpg 500w\" sizes=\"auto, (max-width: 300px) 100vw, 300px\" \/>                                  <div class=\"overlay fill\"\n                      style=\"background-color: rgba(0,0,0,.15)\">\n                  <\/div>\n                                                              <\/div>\n              <div class=\"box-text text-left\" >\n                 <p><\/p>\n              <\/div>\n            <\/div>\n            <\/a>          <\/div>\n         <\/div>\n                 <div class=\"gallery-col col\" >\n          <div class=\"col-inner\">\n            <a class=\"image-lightbox lightbox-gallery\" href=\"https:\/\/yukarisokak.com\/wp-content\/uploads\/2022\/02\/oda_2_16.jpg\" title=\"\">            <div class=\"box has-hover gallery-box box-overlay dark\">\n              <div class=\"box-image box-shadow-4 box-shadow-5-hover\" >\n                <img loading=\"lazy\" decoding=\"async\" width=\"300\" height=\"200\" src=\"https:\/\/yukarisokak.com\/wp-content\/uploads\/2022\/02\/oda_2_16-300x200.jpg\" class=\"attachment-medium size-medium\" alt=\"\" ids=\"115,116,117,118,119,187,186,185,188\" type=\"masonry\" col_spacing=\"small\" columns=\"2\" columns__sm=\"2\" depth=\"4\" depth_hover=\"5\" srcset=\"https:\/\/yukarisokak.com\/wp-content\/uploads\/2022\/02\/oda_2_16-300x200.jpg 300w, https:\/\/yukarisokak.com\/wp-content\/uploads\/2022\/02\/oda_2_16.jpg 500w\" sizes=\"auto, (max-width: 300px) 100vw, 300px\" \/>                                  <div class=\"overlay fill\"\n                      style=\"background-color: rgba(0,0,0,.15)\">\n                  <\/div>\n                                                              <\/div>\n              <div class=\"box-text text-left\" >\n                 <p><\/p>\n              <\/div>\n            <\/div>\n            <\/a>          <\/div>\n         <\/div>\n                 <div class=\"gallery-col col\" >\n          <div class=\"col-inner\">\n            <a class=\"image-lightbox lightbox-gallery\" href=\"https:\/\/yukarisokak.com\/wp-content\/uploads\/2022\/02\/oda_2_15.jpg\" title=\"\">            <div class=\"box has-hover gallery-box box-overlay dark\">\n              <div class=\"box-image box-shadow-4 box-shadow-5-hover\" >\n                <img loading=\"lazy\" decoding=\"async\" width=\"300\" height=\"200\" src=\"https:\/\/yukarisokak.com\/wp-content\/uploads\/2022\/02\/oda_2_15-300x200.jpg\" class=\"attachment-medium size-medium\" alt=\"\" ids=\"115,116,117,118,119,187,186,185,188\" type=\"masonry\" col_spacing=\"small\" columns=\"2\" columns__sm=\"2\" depth=\"4\" depth_hover=\"5\" srcset=\"https:\/\/yukarisokak.com\/wp-content\/uploads\/2022\/02\/oda_2_15-300x200.jpg 300w, https:\/\/yukarisokak.com\/wp-content\/uploads\/2022\/02\/oda_2_15.jpg 500w\" sizes=\"auto, (max-width: 300px) 100vw, 300px\" \/>                                  <div class=\"overlay fill\"\n                      style=\"background-color: rgba(0,0,0,.15)\">\n                  <\/div>\n                                                              <\/div>\n              <div class=\"box-text text-left\" >\n                 <p><\/p>\n              <\/div>\n            <\/div>\n            <\/a>          <\/div>\n         <\/div>\n                 <div class=\"gallery-col col\" >\n          <div class=\"col-inner\">\n            <a class=\"image-lightbox lightbox-gallery\" href=\"https:\/\/yukarisokak.com\/wp-content\/uploads\/2022\/02\/oda_2_14-1.jpg\" title=\"\">            <div class=\"box has-hover gallery-box box-overlay dark\">\n              <div class=\"box-image box-shadow-4 box-shadow-5-hover\" >\n                <img loading=\"lazy\" decoding=\"async\" width=\"300\" height=\"182\" src=\"https:\/\/yukarisokak.com\/wp-content\/uploads\/2022\/02\/oda_2_14-1-300x182.jpg\" class=\"attachment-medium size-medium\" alt=\"\" ids=\"115,116,117,118,119,187,186,185,188\" type=\"masonry\" col_spacing=\"small\" columns=\"2\" columns__sm=\"2\" depth=\"4\" depth_hover=\"5\" srcset=\"https:\/\/yukarisokak.com\/wp-content\/uploads\/2022\/02\/oda_2_14-1-300x182.jpg 300w, https:\/\/yukarisokak.com\/wp-content\/uploads\/2022\/02\/oda_2_14-1.jpg 500w\" sizes=\"auto, (max-width: 300px) 100vw, 300px\" \/>                                  <div class=\"overlay fill\"\n                      style=\"background-color: rgba(0,0,0,.15)\">\n                  <\/div>\n                                                              <\/div>\n              <div class=\"box-text text-left\" >\n                 <p><\/p>\n              <\/div>\n            <\/div>\n            <\/a>          <\/div>\n         <\/div>\n                 <div class=\"gallery-col col\" >\n          <div class=\"col-inner\">\n            <a class=\"image-lightbox lightbox-gallery\" href=\"https:\/\/yukarisokak.com\/wp-content\/uploads\/2022\/02\/oda_2_13.jpg\" title=\"\">            <div class=\"box has-hover gallery-box box-overlay dark\">\n              <div class=\"box-image box-shadow-4 box-shadow-5-hover\" >\n                <img loading=\"lazy\" decoding=\"async\" width=\"300\" height=\"200\" src=\"https:\/\/yukarisokak.com\/wp-content\/uploads\/2022\/02\/oda_2_13-300x200.jpg\" class=\"attachment-medium size-medium\" alt=\"\" ids=\"115,116,117,118,119,187,186,185,188\" type=\"masonry\" col_spacing=\"small\" columns=\"2\" columns__sm=\"2\" depth=\"4\" depth_hover=\"5\" srcset=\"https:\/\/yukarisokak.com\/wp-content\/uploads\/2022\/02\/oda_2_13-300x200.jpg 300w, https:\/\/yukarisokak.com\/wp-content\/uploads\/2022\/02\/oda_2_13.jpg 500w\" sizes=\"auto, (max-width: 300px) 100vw, 300px\" \/>                                  <div class=\"overlay fill\"\n                      style=\"background-color: rgba(0,0,0,.15)\">\n                  <\/div>\n                                                              <\/div>\n              <div class=\"box-text text-left\" >\n                 <p><\/p>\n              <\/div>\n            <\/div>\n            <\/a>          <\/div>\n         <\/div>\n                 <div class=\"gallery-col col\" >\n          <div class=\"col-inner\">\n            <a class=\"image-lightbox lightbox-gallery\" href=\"https:\/\/yukarisokak.com\/wp-content\/uploads\/2022\/03\/OTEL-ODASI-2...-1024x683.jpg\" title=\"\">            <div class=\"box has-hover gallery-box box-overlay dark\">\n              <div class=\"box-image box-shadow-4 box-shadow-5-hover\" >\n                <img loading=\"lazy\" decoding=\"async\" width=\"300\" height=\"200\" src=\"https:\/\/yukarisokak.com\/wp-content\/uploads\/2022\/03\/OTEL-ODASI-2...-300x200.jpg\" class=\"attachment-medium size-medium\" alt=\"\" ids=\"115,116,117,118,119,187,186,185,188\" type=\"masonry\" col_spacing=\"small\" columns=\"2\" columns__sm=\"2\" depth=\"4\" depth_hover=\"5\" srcset=\"https:\/\/yukarisokak.com\/wp-content\/uploads\/2022\/03\/OTEL-ODASI-2...-300x200.jpg 300w, https:\/\/yukarisokak.com\/wp-content\/uploads\/2022\/03\/OTEL-ODASI-2...-1024x683.jpg 1024w, https:\/\/yukarisokak.com\/wp-content\/uploads\/2022\/03\/OTEL-ODASI-2...-768x512.jpg 768w, https:\/\/yukarisokak.com\/wp-content\/uploads\/2022\/03\/OTEL-ODASI-2...-1536x1024.jpg 1536w, https:\/\/yukarisokak.com\/wp-content\/uploads\/2022\/03\/OTEL-ODASI-2...-2048x1365.jpg 2048w\" sizes=\"auto, (max-width: 300px) 100vw, 300px\" \/>                                  <div class=\"overlay fill\"\n                      style=\"background-color: rgba(0,0,0,.15)\">\n                  <\/div>\n                                                              <\/div>\n              <div class=\"box-text text-left\" >\n                 <p><\/p>\n              <\/div>\n            <\/div>\n            <\/a>          <\/div>\n         <\/div>\n                 <div class=\"gallery-col col\" >\n          <div class=\"col-inner\">\n            <a class=\"image-lightbox lightbox-gallery\" href=\"https:\/\/yukarisokak.com\/wp-content\/uploads\/2022\/03\/OTEL-ODASI-2-PENCERE--1024x683.jpg\" title=\"\">            <div class=\"box has-hover gallery-box box-overlay dark\">\n              <div class=\"box-image box-shadow-4 box-shadow-5-hover\" >\n                <img loading=\"lazy\" decoding=\"async\" width=\"300\" height=\"200\" src=\"https:\/\/yukarisokak.com\/wp-content\/uploads\/2022\/03\/OTEL-ODASI-2-PENCERE--300x200.jpg\" class=\"attachment-medium size-medium\" alt=\"\" ids=\"115,116,117,118,119,187,186,185,188\" type=\"masonry\" col_spacing=\"small\" columns=\"2\" columns__sm=\"2\" depth=\"4\" depth_hover=\"5\" srcset=\"https:\/\/yukarisokak.com\/wp-content\/uploads\/2022\/03\/OTEL-ODASI-2-PENCERE--300x200.jpg 300w, https:\/\/yukarisokak.com\/wp-content\/uploads\/2022\/03\/OTEL-ODASI-2-PENCERE--1024x683.jpg 1024w, https:\/\/yukarisokak.com\/wp-content\/uploads\/2022\/03\/OTEL-ODASI-2-PENCERE--768x512.jpg 768w, https:\/\/yukarisokak.com\/wp-content\/uploads\/2022\/03\/OTEL-ODASI-2-PENCERE--1536x1024.jpg 1536w, https:\/\/yukarisokak.com\/wp-content\/uploads\/2022\/03\/OTEL-ODASI-2-PENCERE--2048x1365.jpg 2048w\" sizes=\"auto, (max-width: 300px) 100vw, 300px\" \/>                                  <div class=\"overlay fill\"\n                      style=\"background-color: rgba(0,0,0,.15)\">\n                  <\/div>\n                                                              <\/div>\n              <div class=\"box-text text-left\" >\n                 <p><\/p>\n              <\/div>\n            <\/div>\n            <\/a>          <\/div>\n         <\/div>\n                 <div class=\"gallery-col col\" >\n          <div class=\"col-inner\">\n            <a class=\"image-lightbox lightbox-gallery\" href=\"https:\/\/yukarisokak.com\/wp-content\/uploads\/2022\/03\/OTEL-ODASI-2-.-1024x683.jpg\" title=\"\">            <div class=\"box has-hover gallery-box box-overlay dark\">\n              <div class=\"box-image box-shadow-4 box-shadow-5-hover\" >\n                <img loading=\"lazy\" decoding=\"async\" width=\"300\" height=\"200\" src=\"https:\/\/yukarisokak.com\/wp-content\/uploads\/2022\/03\/OTEL-ODASI-2-.-300x200.jpg\" class=\"attachment-medium size-medium\" alt=\"\" ids=\"115,116,117,118,119,187,186,185,188\" type=\"masonry\" col_spacing=\"small\" columns=\"2\" columns__sm=\"2\" depth=\"4\" depth_hover=\"5\" srcset=\"https:\/\/yukarisokak.com\/wp-content\/uploads\/2022\/03\/OTEL-ODASI-2-.-300x200.jpg 300w, https:\/\/yukarisokak.com\/wp-content\/uploads\/2022\/03\/OTEL-ODASI-2-.-1024x683.jpg 1024w, https:\/\/yukarisokak.com\/wp-content\/uploads\/2022\/03\/OTEL-ODASI-2-.-768x512.jpg 768w, https:\/\/yukarisokak.com\/wp-content\/uploads\/2022\/03\/OTEL-ODASI-2-.-1536x1024.jpg 1536w, https:\/\/yukarisokak.com\/wp-content\/uploads\/2022\/03\/OTEL-ODASI-2-.-2048x1365.jpg 2048w\" sizes=\"auto, (max-width: 300px) 100vw, 300px\" \/>                                  <div class=\"overlay fill\"\n                      style=\"background-color: rgba(0,0,0,.15)\">\n                  <\/div>\n                                                              <\/div>\n              <div class=\"box-text text-left\" >\n                 <p><\/p>\n              <\/div>\n            <\/div>\n            <\/a>          <\/div>\n         <\/div>\n                 <div class=\"gallery-col col\" >\n          <div class=\"col-inner\">\n            <a class=\"image-lightbox lightbox-gallery\" href=\"https:\/\/yukarisokak.com\/wp-content\/uploads\/2022\/03\/OTEL-ODASI-2-1024x683.jpg\" title=\"\">            <div class=\"box has-hover gallery-box box-overlay dark\">\n              <div class=\"box-image box-shadow-4 box-shadow-5-hover\" >\n                <img loading=\"lazy\" decoding=\"async\" width=\"300\" height=\"200\" src=\"https:\/\/yukarisokak.com\/wp-content\/uploads\/2022\/03\/OTEL-ODASI-2-300x200.jpg\" class=\"attachment-medium size-medium\" alt=\"\" ids=\"115,116,117,118,119,187,186,185,188\" type=\"masonry\" col_spacing=\"small\" columns=\"2\" columns__sm=\"2\" depth=\"4\" depth_hover=\"5\" srcset=\"https:\/\/yukarisokak.com\/wp-content\/uploads\/2022\/03\/OTEL-ODASI-2-300x200.jpg 300w, https:\/\/yukarisokak.com\/wp-content\/uploads\/2022\/03\/OTEL-ODASI-2-1024x683.jpg 1024w, https:\/\/yukarisokak.com\/wp-content\/uploads\/2022\/03\/OTEL-ODASI-2-768x512.jpg 768w, https:\/\/yukarisokak.com\/wp-content\/uploads\/2022\/03\/OTEL-ODASI-2-1536x1024.jpg 1536w, https:\/\/yukarisokak.com\/wp-content\/uploads\/2022\/03\/OTEL-ODASI-2-2048x1365.jpg 2048w\" sizes=\"auto, (max-width: 300px) 100vw, 300px\" \/>                                  <div class=\"overlay fill\"\n                      style=\"background-color: rgba(0,0,0,.15)\">\n                  <\/div>\n                                                              <\/div>\n              <div class=\"box-text text-left\" >\n                 <p><\/p>\n              <\/div>\n            <\/div>\n            <\/a>          <\/div>\n         <\/div>\n         <\/div>\n\t<div id=\"gap-1331131451\" class=\"gap-element clearfix\" style=\"display:block; height:auto;\">\n\t\t\n<style>\n#gap-1331131451 {\n  padding-top: 30px;\n}\n<\/style>\n\t<\/div>\n\t\n<a href=\"https:\/\/yukarisokak.com\/?page_id=18\" target=\"_self\" class=\"button primary is-shade is-larger box-shadow-4 box-shadow-1-hover\"  style=\"border-radius:10px;\">\n    <span>rezervasyon<\/span>\n  <i class=\"icon-angle-right\" ><\/i><\/a>\n\n","protected":false},"excerpt":{"rendered":"<p>Lavanta konsepti ve \u00e7ar\u015f\u0131 manzaras\u0131yla 2 numaral\u0131 odam\u0131z ;<\/p>\n","protected":false},"author":1,"featured_media":0,"parent":0,"menu_order":0,"comment_status":"closed","ping_status":"closed","template":"","meta":{"footnotes":""},"class_list":["post-106","page","type-page","status-publish","hentry"],"_links":{"self":[{"href":"https:\/\/yukarisokak.com\/index.php?rest_route=\/wp\/v2\/pages\/106","targetHints":{"allow":["GET"]}}],"collection":[{"href":"https:\/\/yukarisokak.com\/index.php?rest_route=\/wp\/v2\/pages"}],"about":[{"href":"https:\/\/yukarisokak.com\/index.php?rest_route=\/wp\/v2\/types\/page"}],"author":[{"embeddable":true,"href":"https:\/\/yukarisokak.com\/index.php?rest_route=\/wp\/v2\/users\/1"}],"replies":[{"embeddable":true,"href":"https:\/\/yukarisokak.com\/index.php?rest_route=%2Fwp%2Fv2%2Fcomments&post=106"}],"version-history":[{"count":6,"href":"https:\/\/yukarisokak.com\/index.php?rest_route=\/wp\/v2\/pages\/106\/revisions"}],"predecessor-version":[{"id":209,"href":"https:\/\/yukarisokak.com\/index.php?rest_route=\/wp\/v2\/pages\/106\/revisions\/209"}],"wp:attachment":[{"href":"https:\/\/yukarisokak.com\/index.php?rest_route=%2Fwp%2Fv2%2Fmedia&parent=106"}],"curies":[{"name":"wp","href":"https:\/\/api.w.org\/{rel}","templated":true}]}}