{"id":108,"date":"2022-02-14T21:12:41","date_gmt":"2022-02-14T21:12:41","guid":{"rendered":"https:\/\/yukarisokak.com\/?page_id=108"},"modified":"2022-03-21T20:12:18","modified_gmt":"2022-03-21T20:12:18","slug":"oda-3","status":"publish","type":"page","link":"https:\/\/yukarisokak.com\/?page_id=108","title":{"rendered":"ODA 3"},"content":{"rendered":"<div class=\"container section-title-container\" ><h1 class=\"section-title section-title-normal\"><b><\/b><span class=\"section-title-main\" >ODA 3<\/span><b><\/b><\/h1><\/div>\n<p><span style=\"font-size: 120%;\">Ni\u015fli banyosu ve el boyama lavabosuyla 3 numaral\u0131 odam\u0131z ;<br \/><\/span><\/p>\n\n  \n    <div id=\"gallery-1562662413\" class=\"row large-columns-2 medium-columns- small-columns-2 row-small row-masonry\" data-packery-options='{\"itemSelector\": \".col\", \"gutter\": 0, \"presentageWidth\" : true}'>\n\n          <div class=\"gallery-col col\" >\n          <div class=\"col-inner\">\n            <a class=\"image-lightbox lightbox-gallery\" href=\"https:\/\/yukarisokak.com\/wp-content\/uploads\/2022\/02\/oda_3_22.jpg\" title=\"\">            <div class=\"box has-hover gallery-box box-overlay dark\">\n              <div class=\"box-image box-shadow-4 box-shadow-5-hover\" >\n                <img loading=\"lazy\" decoding=\"async\" width=\"200\" height=\"300\" src=\"https:\/\/yukarisokak.com\/wp-content\/uploads\/2022\/02\/oda_3_22-200x300.jpg\" class=\"attachment-medium size-medium\" alt=\"\" ids=\"121,122,123,124,125\" type=\"masonry\" col_spacing=\"small\" columns=\"2\" columns__sm=\"2\" depth=\"4\" depth_hover=\"5\" srcset=\"https:\/\/yukarisokak.com\/wp-content\/uploads\/2022\/02\/oda_3_22-200x300.jpg 200w, https:\/\/yukarisokak.com\/wp-content\/uploads\/2022\/02\/oda_3_22.jpg 334w\" sizes=\"auto, (max-width: 200px) 100vw, 200px\" \/>                                  <div class=\"overlay fill\"\n                      style=\"background-color: rgba(0,0,0,.15)\">\n                  <\/div>\n                                                              <\/div>\n              <div class=\"box-text text-left\" >\n                 <p><\/p>\n              <\/div>\n            <\/div>\n            <\/a>          <\/div>\n         <\/div>\n                 <div class=\"gallery-col col\" >\n          <div class=\"col-inner\">\n            <a class=\"image-lightbox lightbox-gallery\" href=\"https:\/\/yukarisokak.com\/wp-content\/uploads\/2022\/02\/oda_3_21.jpg\" title=\"\">            <div class=\"box has-hover gallery-box box-overlay dark\">\n              <div class=\"box-image box-shadow-4 box-shadow-5-hover\" >\n                <img loading=\"lazy\" decoding=\"async\" width=\"300\" height=\"200\" src=\"https:\/\/yukarisokak.com\/wp-content\/uploads\/2022\/02\/oda_3_21-300x200.jpg\" class=\"attachment-medium size-medium\" alt=\"\" ids=\"121,122,123,124,125\" type=\"masonry\" col_spacing=\"small\" columns=\"2\" columns__sm=\"2\" depth=\"4\" depth_hover=\"5\" srcset=\"https:\/\/yukarisokak.com\/wp-content\/uploads\/2022\/02\/oda_3_21-300x200.jpg 300w, https:\/\/yukarisokak.com\/wp-content\/uploads\/2022\/02\/oda_3_21.jpg 500w\" sizes=\"auto, (max-width: 300px) 100vw, 300px\" \/>                                  <div class=\"overlay fill\"\n                      style=\"background-color: rgba(0,0,0,.15)\">\n                  <\/div>\n                                                              <\/div>\n              <div class=\"box-text text-left\" >\n                 <p><\/p>\n              <\/div>\n            <\/div>\n            <\/a>          <\/div>\n         <\/div>\n                 <div class=\"gallery-col col\" >\n          <div class=\"col-inner\">\n            <a class=\"image-lightbox lightbox-gallery\" href=\"https:\/\/yukarisokak.com\/wp-content\/uploads\/2022\/02\/oda_3_20-1.jpg\" title=\"\">            <div class=\"box has-hover gallery-box box-overlay dark\">\n              <div class=\"box-image box-shadow-4 box-shadow-5-hover\" >\n                <img loading=\"lazy\" decoding=\"async\" width=\"300\" height=\"200\" src=\"https:\/\/yukarisokak.com\/wp-content\/uploads\/2022\/02\/oda_3_20-1-300x200.jpg\" class=\"attachment-medium size-medium\" alt=\"\" ids=\"121,122,123,124,125\" type=\"masonry\" col_spacing=\"small\" columns=\"2\" columns__sm=\"2\" depth=\"4\" depth_hover=\"5\" srcset=\"https:\/\/yukarisokak.com\/wp-content\/uploads\/2022\/02\/oda_3_20-1-300x200.jpg 300w, https:\/\/yukarisokak.com\/wp-content\/uploads\/2022\/02\/oda_3_20-1.jpg 500w\" sizes=\"auto, (max-width: 300px) 100vw, 300px\" \/>                                  <div class=\"overlay fill\"\n                      style=\"background-color: rgba(0,0,0,.15)\">\n                  <\/div>\n                                                              <\/div>\n              <div class=\"box-text text-left\" >\n                 <p><\/p>\n              <\/div>\n            <\/div>\n            <\/a>          <\/div>\n         <\/div>\n                 <div class=\"gallery-col col\" >\n          <div class=\"col-inner\">\n            <a class=\"image-lightbox lightbox-gallery\" href=\"https:\/\/yukarisokak.com\/wp-content\/uploads\/2022\/02\/oda_3_19.jpg\" title=\"\">            <div class=\"box has-hover gallery-box box-overlay dark\">\n              <div class=\"box-image box-shadow-4 box-shadow-5-hover\" >\n                <img loading=\"lazy\" decoding=\"async\" width=\"300\" height=\"200\" src=\"https:\/\/yukarisokak.com\/wp-content\/uploads\/2022\/02\/oda_3_19-300x200.jpg\" class=\"attachment-medium size-medium\" alt=\"\" ids=\"121,122,123,124,125\" type=\"masonry\" col_spacing=\"small\" columns=\"2\" columns__sm=\"2\" depth=\"4\" depth_hover=\"5\" srcset=\"https:\/\/yukarisokak.com\/wp-content\/uploads\/2022\/02\/oda_3_19-300x200.jpg 300w, https:\/\/yukarisokak.com\/wp-content\/uploads\/2022\/02\/oda_3_19.jpg 500w\" sizes=\"auto, (max-width: 300px) 100vw, 300px\" \/>                                  <div class=\"overlay fill\"\n                      style=\"background-color: rgba(0,0,0,.15)\">\n                  <\/div>\n                                                              <\/div>\n              <div class=\"box-text text-left\" >\n                 <p><\/p>\n              <\/div>\n            <\/div>\n            <\/a>          <\/div>\n         <\/div>\n                 <div class=\"gallery-col col\" >\n          <div class=\"col-inner\">\n            <a class=\"image-lightbox lightbox-gallery\" href=\"https:\/\/yukarisokak.com\/wp-content\/uploads\/2022\/02\/oda_3_18-1.jpg\" title=\"\">            <div class=\"box has-hover gallery-box box-overlay dark\">\n              <div class=\"box-image box-shadow-4 box-shadow-5-hover\" >\n                <img loading=\"lazy\" decoding=\"async\" width=\"300\" height=\"203\" src=\"https:\/\/yukarisokak.com\/wp-content\/uploads\/2022\/02\/oda_3_18-1-300x203.jpg\" class=\"attachment-medium size-medium\" alt=\"\" ids=\"121,122,123,124,125\" type=\"masonry\" col_spacing=\"small\" columns=\"2\" columns__sm=\"2\" depth=\"4\" depth_hover=\"5\" srcset=\"https:\/\/yukarisokak.com\/wp-content\/uploads\/2022\/02\/oda_3_18-1-300x203.jpg 300w, https:\/\/yukarisokak.com\/wp-content\/uploads\/2022\/02\/oda_3_18-1.jpg 500w\" sizes=\"auto, (max-width: 300px) 100vw, 300px\" \/>                                  <div class=\"overlay fill\"\n                      style=\"background-color: rgba(0,0,0,.15)\">\n                  <\/div>\n                                                              <\/div>\n              <div class=\"box-text text-left\" >\n                 <p><\/p>\n              <\/div>\n            <\/div>\n            <\/a>          <\/div>\n         <\/div>\n         <\/div>\n\t<div id=\"gap-1210202118\" class=\"gap-element clearfix\" style=\"display:block; height:auto;\">\n\t\t\n<style>\n#gap-1210202118 {\n  padding-top: 30px;\n}\n<\/style>\n\t<\/div>\n\t\n<a href=\"https:\/\/yukarisokak.com\/?page_id=18\" target=\"_self\" class=\"button primary is-shade is-larger box-shadow-4 box-shadow-1-hover\"  style=\"border-radius:10px;\">\n    <span>rezervasyon<\/span>\n  <i class=\"icon-angle-right\" ><\/i><\/a>\n\n","protected":false},"excerpt":{"rendered":"<p>Ni\u015fli banyosu ve el boyama lavabosuyla 3 numaral\u0131 odam\u0131z ;<\/p>\n","protected":false},"author":1,"featured_media":0,"parent":0,"menu_order":0,"comment_status":"closed","ping_status":"closed","template":"","meta":{"footnotes":""},"class_list":["post-108","page","type-page","status-publish","hentry"],"_links":{"self":[{"href":"https:\/\/yukarisokak.com\/index.php?rest_route=\/wp\/v2\/pages\/108","targetHints":{"allow":["GET"]}}],"collection":[{"href":"https:\/\/yukarisokak.com\/index.php?rest_route=\/wp\/v2\/pages"}],"about":[{"href":"https:\/\/yukarisokak.com\/index.php?rest_route=\/wp\/v2\/types\/page"}],"author":[{"embeddable":true,"href":"https:\/\/yukarisokak.com\/index.php?rest_route=\/wp\/v2\/users\/1"}],"replies":[{"embeddable":true,"href":"https:\/\/yukarisokak.com\/index.php?rest_route=%2Fwp%2Fv2%2Fcomments&post=108"}],"version-history":[{"count":3,"href":"https:\/\/yukarisokak.com\/index.php?rest_route=\/wp\/v2\/pages\/108\/revisions"}],"predecessor-version":[{"id":210,"href":"https:\/\/yukarisokak.com\/index.php?rest_route=\/wp\/v2\/pages\/108\/revisions\/210"}],"wp:attachment":[{"href":"https:\/\/yukarisokak.com\/index.php?rest_route=%2Fwp%2Fv2%2Fmedia&parent=108"}],"curies":[{"name":"wp","href":"https:\/\/api.w.org\/{rel}","templated":true}]}}