{"id":110,"date":"2022-02-14T21:12:41","date_gmt":"2022-02-14T21:12:41","guid":{"rendered":"https:\/\/yukarisokak.com\/?page_id=110"},"modified":"2022-03-21T20:12:34","modified_gmt":"2022-03-21T20:12:34","slug":"terasli-cati-kati","status":"publish","type":"page","link":"https:\/\/yukarisokak.com\/?page_id=110","title":{"rendered":"TERASLI \u00c7ATI KATI"},"content":{"rendered":"<div class=\"container section-title-container\" ><h1 class=\"section-title section-title-normal\"><b><\/b><span class=\"section-title-main\" >TERASLI \u00c7ATI KATI<\/span><b><\/b><\/h1><\/div>\n<p><span style=\"font-size: 120%;\">Kendine \u00f6zel teras\u0131yla t\u00fcm Ala\u00e7at\u0131 Panoramas\u0131na hakim terasl\u0131 \u00e7at\u0131 kat\u0131m\u0131z balay\u0131 \u00e7iftleri i\u00e7in de ideal ;<br \/><\/span><\/p>\n\n  \n    <div id=\"gallery-1189842663\" class=\"row large-columns-2 medium-columns- small-columns-2 row-small row-masonry\" data-packery-options='{\"itemSelector\": \".col\", \"gutter\": 0, \"presentageWidth\" : true}'>\n\n          <div class=\"gallery-col col\" >\n          <div class=\"col-inner\">\n            <a class=\"image-lightbox lightbox-gallery\" href=\"https:\/\/yukarisokak.com\/wp-content\/uploads\/2022\/02\/6.jpg\" title=\"\">            <div class=\"box has-hover gallery-box box-overlay dark\">\n              <div class=\"box-image box-shadow-4 box-shadow-5-hover\" >\n                <img loading=\"lazy\" decoding=\"async\" width=\"200\" height=\"300\" src=\"https:\/\/yukarisokak.com\/wp-content\/uploads\/2022\/02\/6-200x300.jpg\" class=\"attachment-medium size-medium\" alt=\"\" ids=\"127,128,129,130,131,132,133,134,135,136\" type=\"masonry\" col_spacing=\"small\" columns=\"2\" columns__sm=\"2\" depth=\"4\" depth_hover=\"5\" srcset=\"https:\/\/yukarisokak.com\/wp-content\/uploads\/2022\/02\/6-200x300.jpg 200w, https:\/\/yukarisokak.com\/wp-content\/uploads\/2022\/02\/6.jpg 334w\" sizes=\"auto, (max-width: 200px) 100vw, 200px\" \/>                                  <div class=\"overlay fill\"\n                      style=\"background-color: rgba(0,0,0,.15)\">\n                  <\/div>\n                                                              <\/div>\n              <div class=\"box-text text-left\" >\n                 <p><\/p>\n              <\/div>\n            <\/div>\n            <\/a>          <\/div>\n         <\/div>\n                 <div class=\"gallery-col col\" >\n          <div class=\"col-inner\">\n            <a class=\"image-lightbox lightbox-gallery\" href=\"https:\/\/yukarisokak.com\/wp-content\/uploads\/2022\/02\/5.jpg\" title=\"\">            <div class=\"box has-hover gallery-box box-overlay dark\">\n              <div class=\"box-image box-shadow-4 box-shadow-5-hover\" >\n                <img loading=\"lazy\" decoding=\"async\" width=\"300\" height=\"200\" src=\"https:\/\/yukarisokak.com\/wp-content\/uploads\/2022\/02\/5-300x200.jpg\" class=\"attachment-medium size-medium\" alt=\"\" ids=\"127,128,129,130,131,132,133,134,135,136\" type=\"masonry\" col_spacing=\"small\" columns=\"2\" columns__sm=\"2\" depth=\"4\" depth_hover=\"5\" srcset=\"https:\/\/yukarisokak.com\/wp-content\/uploads\/2022\/02\/5-300x200.jpg 300w, https:\/\/yukarisokak.com\/wp-content\/uploads\/2022\/02\/5.jpg 500w\" sizes=\"auto, (max-width: 300px) 100vw, 300px\" \/>                                  <div class=\"overlay fill\"\n                      style=\"background-color: rgba(0,0,0,.15)\">\n                  <\/div>\n                                                              <\/div>\n              <div class=\"box-text text-left\" >\n                 <p><\/p>\n              <\/div>\n            <\/div>\n            <\/a>          <\/div>\n         <\/div>\n                 <div class=\"gallery-col col\" >\n          <div class=\"col-inner\">\n            <a class=\"image-lightbox lightbox-gallery\" href=\"https:\/\/yukarisokak.com\/wp-content\/uploads\/2022\/02\/4.jpg\" title=\"\">            <div class=\"box has-hover gallery-box box-overlay dark\">\n              <div class=\"box-image box-shadow-4 box-shadow-5-hover\" >\n                <img loading=\"lazy\" decoding=\"async\" width=\"300\" height=\"200\" src=\"https:\/\/yukarisokak.com\/wp-content\/uploads\/2022\/02\/4-300x200.jpg\" class=\"attachment-medium size-medium\" alt=\"\" ids=\"127,128,129,130,131,132,133,134,135,136\" type=\"masonry\" col_spacing=\"small\" columns=\"2\" columns__sm=\"2\" depth=\"4\" depth_hover=\"5\" srcset=\"https:\/\/yukarisokak.com\/wp-content\/uploads\/2022\/02\/4-300x200.jpg 300w, https:\/\/yukarisokak.com\/wp-content\/uploads\/2022\/02\/4.jpg 500w\" sizes=\"auto, (max-width: 300px) 100vw, 300px\" \/>                                  <div class=\"overlay fill\"\n                      style=\"background-color: rgba(0,0,0,.15)\">\n                  <\/div>\n                                                              <\/div>\n              <div class=\"box-text text-left\" >\n                 <p><\/p>\n              <\/div>\n            <\/div>\n            <\/a>          <\/div>\n         <\/div>\n                 <div class=\"gallery-col col\" >\n          <div class=\"col-inner\">\n            <a class=\"image-lightbox lightbox-gallery\" href=\"https:\/\/yukarisokak.com\/wp-content\/uploads\/2022\/02\/30.jpg\" title=\"\">            <div class=\"box has-hover gallery-box box-overlay dark\">\n              <div class=\"box-image box-shadow-4 box-shadow-5-hover\" >\n                <img loading=\"lazy\" decoding=\"async\" width=\"300\" height=\"172\" src=\"https:\/\/yukarisokak.com\/wp-content\/uploads\/2022\/02\/30-300x172.jpg\" class=\"attachment-medium size-medium\" alt=\"\" ids=\"127,128,129,130,131,132,133,134,135,136\" type=\"masonry\" col_spacing=\"small\" columns=\"2\" columns__sm=\"2\" depth=\"4\" depth_hover=\"5\" srcset=\"https:\/\/yukarisokak.com\/wp-content\/uploads\/2022\/02\/30-300x172.jpg 300w, https:\/\/yukarisokak.com\/wp-content\/uploads\/2022\/02\/30.jpg 500w\" sizes=\"auto, (max-width: 300px) 100vw, 300px\" \/>                                  <div class=\"overlay fill\"\n                      style=\"background-color: rgba(0,0,0,.15)\">\n                  <\/div>\n                                                              <\/div>\n              <div class=\"box-text text-left\" >\n                 <p><\/p>\n              <\/div>\n            <\/div>\n            <\/a>          <\/div>\n         <\/div>\n                 <div class=\"gallery-col col\" >\n          <div class=\"col-inner\">\n            <a class=\"image-lightbox lightbox-gallery\" href=\"https:\/\/yukarisokak.com\/wp-content\/uploads\/2022\/02\/29.jpg\" title=\"\">            <div class=\"box has-hover gallery-box box-overlay dark\">\n              <div class=\"box-image box-shadow-4 box-shadow-5-hover\" >\n                <img loading=\"lazy\" decoding=\"async\" width=\"200\" height=\"300\" src=\"https:\/\/yukarisokak.com\/wp-content\/uploads\/2022\/02\/29-200x300.jpg\" class=\"attachment-medium size-medium\" alt=\"\" ids=\"127,128,129,130,131,132,133,134,135,136\" type=\"masonry\" col_spacing=\"small\" columns=\"2\" columns__sm=\"2\" depth=\"4\" depth_hover=\"5\" srcset=\"https:\/\/yukarisokak.com\/wp-content\/uploads\/2022\/02\/29-200x300.jpg 200w, https:\/\/yukarisokak.com\/wp-content\/uploads\/2022\/02\/29.jpg 500w\" sizes=\"auto, (max-width: 200px) 100vw, 200px\" \/>                                  <div class=\"overlay fill\"\n                      style=\"background-color: rgba(0,0,0,.15)\">\n                  <\/div>\n                                                              <\/div>\n              <div class=\"box-text text-left\" >\n                 <p><\/p>\n              <\/div>\n            <\/div>\n            <\/a>          <\/div>\n         <\/div>\n                 <div class=\"gallery-col col\" >\n          <div class=\"col-inner\">\n            <a class=\"image-lightbox lightbox-gallery\" href=\"https:\/\/yukarisokak.com\/wp-content\/uploads\/2022\/02\/28.jpg\" title=\"\">            <div class=\"box has-hover gallery-box box-overlay dark\">\n              <div class=\"box-image box-shadow-4 box-shadow-5-hover\" >\n                <img loading=\"lazy\" decoding=\"async\" width=\"200\" height=\"300\" src=\"https:\/\/yukarisokak.com\/wp-content\/uploads\/2022\/02\/28-200x300.jpg\" class=\"attachment-medium size-medium\" alt=\"\" ids=\"127,128,129,130,131,132,133,134,135,136\" type=\"masonry\" col_spacing=\"small\" columns=\"2\" columns__sm=\"2\" depth=\"4\" depth_hover=\"5\" srcset=\"https:\/\/yukarisokak.com\/wp-content\/uploads\/2022\/02\/28-200x300.jpg 200w, https:\/\/yukarisokak.com\/wp-content\/uploads\/2022\/02\/28.jpg 500w\" sizes=\"auto, (max-width: 200px) 100vw, 200px\" \/>                                  <div class=\"overlay fill\"\n                      style=\"background-color: rgba(0,0,0,.15)\">\n                  <\/div>\n                                                              <\/div>\n              <div class=\"box-text text-left\" >\n                 <p><\/p>\n              <\/div>\n            <\/div>\n            <\/a>          <\/div>\n         <\/div>\n                 <div class=\"gallery-col col\" >\n          <div class=\"col-inner\">\n            <a class=\"image-lightbox lightbox-gallery\" href=\"https:\/\/yukarisokak.com\/wp-content\/uploads\/2022\/02\/27.jpg\" title=\"\">            <div class=\"box has-hover gallery-box box-overlay dark\">\n              <div class=\"box-image box-shadow-4 box-shadow-5-hover\" >\n                <img loading=\"lazy\" decoding=\"async\" width=\"300\" height=\"200\" src=\"https:\/\/yukarisokak.com\/wp-content\/uploads\/2022\/02\/27-300x200.jpg\" class=\"attachment-medium size-medium\" alt=\"\" ids=\"127,128,129,130,131,132,133,134,135,136\" type=\"masonry\" col_spacing=\"small\" columns=\"2\" columns__sm=\"2\" depth=\"4\" depth_hover=\"5\" srcset=\"https:\/\/yukarisokak.com\/wp-content\/uploads\/2022\/02\/27-300x200.jpg 300w, https:\/\/yukarisokak.com\/wp-content\/uploads\/2022\/02\/27.jpg 500w\" sizes=\"auto, (max-width: 300px) 100vw, 300px\" \/>                                  <div class=\"overlay fill\"\n                      style=\"background-color: rgba(0,0,0,.15)\">\n                  <\/div>\n                                                              <\/div>\n              <div class=\"box-text text-left\" >\n                 <p><\/p>\n              <\/div>\n            <\/div>\n            <\/a>          <\/div>\n         <\/div>\n                 <div class=\"gallery-col col\" >\n          <div class=\"col-inner\">\n            <a class=\"image-lightbox lightbox-gallery\" href=\"https:\/\/yukarisokak.com\/wp-content\/uploads\/2022\/02\/26-1.jpg\" title=\"\">            <div class=\"box has-hover gallery-box box-overlay dark\">\n              <div class=\"box-image box-shadow-4 box-shadow-5-hover\" >\n                <img loading=\"lazy\" decoding=\"async\" width=\"300\" height=\"130\" src=\"https:\/\/yukarisokak.com\/wp-content\/uploads\/2022\/02\/26-1-300x130.jpg\" class=\"attachment-medium size-medium\" alt=\"\" ids=\"127,128,129,130,131,132,133,134,135,136\" type=\"masonry\" col_spacing=\"small\" columns=\"2\" columns__sm=\"2\" depth=\"4\" depth_hover=\"5\" srcset=\"https:\/\/yukarisokak.com\/wp-content\/uploads\/2022\/02\/26-1-300x130.jpg 300w, https:\/\/yukarisokak.com\/wp-content\/uploads\/2022\/02\/26-1.jpg 700w\" sizes=\"auto, (max-width: 300px) 100vw, 300px\" \/>                                  <div class=\"overlay fill\"\n                      style=\"background-color: rgba(0,0,0,.15)\">\n                  <\/div>\n                                                              <\/div>\n              <div class=\"box-text text-left\" >\n                 <p><\/p>\n              <\/div>\n            <\/div>\n            <\/a>          <\/div>\n         <\/div>\n                 <div class=\"gallery-col col\" >\n          <div class=\"col-inner\">\n            <a class=\"image-lightbox lightbox-gallery\" href=\"https:\/\/yukarisokak.com\/wp-content\/uploads\/2022\/02\/2.jpg\" title=\"\">            <div class=\"box has-hover gallery-box box-overlay dark\">\n              <div class=\"box-image box-shadow-4 box-shadow-5-hover\" >\n                <img loading=\"lazy\" decoding=\"async\" width=\"300\" height=\"218\" src=\"https:\/\/yukarisokak.com\/wp-content\/uploads\/2022\/02\/2-300x218.jpg\" class=\"attachment-medium size-medium\" alt=\"\" ids=\"127,128,129,130,131,132,133,134,135,136\" type=\"masonry\" col_spacing=\"small\" columns=\"2\" columns__sm=\"2\" depth=\"4\" depth_hover=\"5\" srcset=\"https:\/\/yukarisokak.com\/wp-content\/uploads\/2022\/02\/2-300x218.jpg 300w, https:\/\/yukarisokak.com\/wp-content\/uploads\/2022\/02\/2.jpg 600w\" sizes=\"auto, (max-width: 300px) 100vw, 300px\" \/>                                  <div class=\"overlay fill\"\n                      style=\"background-color: rgba(0,0,0,.15)\">\n                  <\/div>\n                                                              <\/div>\n              <div class=\"box-text text-left\" >\n                 <p><\/p>\n              <\/div>\n            <\/div>\n            <\/a>          <\/div>\n         <\/div>\n                 <div class=\"gallery-col col\" >\n          <div class=\"col-inner\">\n            <a class=\"image-lightbox lightbox-gallery\" href=\"https:\/\/yukarisokak.com\/wp-content\/uploads\/2022\/02\/14.jpg\" title=\"\">            <div class=\"box has-hover gallery-box box-overlay dark\">\n              <div class=\"box-image box-shadow-4 box-shadow-5-hover\" >\n                <img loading=\"lazy\" decoding=\"async\" width=\"300\" height=\"130\" src=\"https:\/\/yukarisokak.com\/wp-content\/uploads\/2022\/02\/14-300x130.jpg\" class=\"attachment-medium size-medium\" alt=\"\" ids=\"127,128,129,130,131,132,133,134,135,136\" type=\"masonry\" col_spacing=\"small\" columns=\"2\" columns__sm=\"2\" depth=\"4\" depth_hover=\"5\" srcset=\"https:\/\/yukarisokak.com\/wp-content\/uploads\/2022\/02\/14-300x130.jpg 300w, https:\/\/yukarisokak.com\/wp-content\/uploads\/2022\/02\/14.jpg 500w\" sizes=\"auto, (max-width: 300px) 100vw, 300px\" \/>                                  <div class=\"overlay fill\"\n                      style=\"background-color: rgba(0,0,0,.15)\">\n                  <\/div>\n                                                              <\/div>\n              <div class=\"box-text text-left\" >\n                 <p><\/p>\n              <\/div>\n            <\/div>\n            <\/a>          <\/div>\n         <\/div>\n         <\/div>\n\t<div id=\"gap-509248371\" class=\"gap-element clearfix\" style=\"display:block; height:auto;\">\n\t\t\n<style>\n#gap-509248371 {\n  padding-top: 30px;\n}\n<\/style>\n\t<\/div>\n\t\n<a href=\"https:\/\/yukarisokak.com\/?page_id=18\" target=\"_self\" class=\"button primary is-shade is-larger box-shadow-4 box-shadow-1-hover\"  style=\"border-radius:10px;\">\n    <span>rezervasyon<\/span>\n  <i class=\"icon-angle-right\" ><\/i><\/a>\n\n","protected":false},"excerpt":{"rendered":"<p>Kendine \u00f6zel teras\u0131yla t\u00fcm Ala\u00e7at\u0131 Panoramas\u0131na hakim terasl\u0131 \u00e7at\u0131 kat\u0131m\u0131z balay\u0131 \u00e7iftleri i\u00e7in de ideal ;<\/p>\n","protected":false},"author":1,"featured_media":0,"parent":0,"menu_order":0,"comment_status":"closed","ping_status":"closed","template":"","meta":{"footnotes":""},"class_list":["post-110","page","type-page","status-publish","hentry"],"_links":{"self":[{"href":"https:\/\/yukarisokak.com\/index.php?rest_route=\/wp\/v2\/pages\/110","targetHints":{"allow":["GET"]}}],"collection":[{"href":"https:\/\/yukarisokak.com\/index.php?rest_route=\/wp\/v2\/pages"}],"about":[{"href":"https:\/\/yukarisokak.com\/index.php?rest_route=\/wp\/v2\/types\/page"}],"author":[{"embeddable":true,"href":"https:\/\/yukarisokak.com\/index.php?rest_route=\/wp\/v2\/users\/1"}],"replies":[{"embeddable":true,"href":"https:\/\/yukarisokak.com\/index.php?rest_route=%2Fwp%2Fv2%2Fcomments&post=110"}],"version-history":[{"count":3,"href":"https:\/\/yukarisokak.com\/index.php?rest_route=\/wp\/v2\/pages\/110\/revisions"}],"predecessor-version":[{"id":211,"href":"https:\/\/yukarisokak.com\/index.php?rest_route=\/wp\/v2\/pages\/110\/revisions\/211"}],"wp:attachment":[{"href":"https:\/\/yukarisokak.com\/index.php?rest_route=%2Fwp%2Fv2%2Fmedia&parent=110"}],"curies":[{"name":"wp","href":"https:\/\/api.w.org\/{rel}","templated":true}]}}