{"id":142,"date":"2022-02-14T21:38:53","date_gmt":"2022-02-14T21:38:53","guid":{"rendered":"https:\/\/yukarisokak.com\/?page_id=142"},"modified":"2022-02-14T21:39:42","modified_gmt":"2022-02-14T21:39:42","slug":"hakkimizda","status":"publish","type":"page","link":"https:\/\/yukarisokak.com\/?page_id=142","title":{"rendered":"Hakk\u0131m\u0131zda"},"content":{"rendered":"\t<div id=\"text-1899928992\" class=\"text\">\n\t\t\n<p>\u0130\u00e7erikler yak\u0131nda eklenecek.<\/p>\n\t\t\n<style>\n#text-1899928992 {\n  text-align: center;\n}\n<\/style>\n\t<\/div>\n\t\n","protected":false},"excerpt":{"rendered":"","protected":false},"author":1,"featured_media":0,"parent":0,"menu_order":0,"comment_status":"closed","ping_status":"closed","template":"","meta":{"footnotes":""},"class_list":["post-142","page","type-page","status-publish","hentry"],"_links":{"self":[{"href":"https:\/\/yukarisokak.com\/index.php?rest_route=\/wp\/v2\/pages\/142","targetHints":{"allow":["GET"]}}],"collection":[{"href":"https:\/\/yukarisokak.com\/index.php?rest_route=\/wp\/v2\/pages"}],"about":[{"href":"https:\/\/yukarisokak.com\/index.php?rest_route=\/wp\/v2\/types\/page"}],"author":[{"embeddable":true,"href":"https:\/\/yukarisokak.com\/index.php?rest_route=\/wp\/v2\/users\/1"}],"replies":[{"embeddable":true,"href":"https:\/\/yukarisokak.com\/index.php?rest_route=%2Fwp%2Fv2%2Fcomments&post=142"}],"version-history":[{"count":2,"href":"https:\/\/yukarisokak.com\/index.php?rest_route=\/wp\/v2\/pages\/142\/revisions"}],"predecessor-version":[{"id":145,"href":"https:\/\/yukarisokak.com\/index.php?rest_route=\/wp\/v2\/pages\/142\/revisions\/145"}],"wp:attachment":[{"href":"https:\/\/yukarisokak.com\/index.php?rest_route=%2Fwp%2Fv2%2Fmedia&parent=142"}],"curies":[{"name":"wp","href":"https:\/\/api.w.org\/{rel}","templated":true}]}}