{"id":16,"date":"2022-02-14T18:54:59","date_gmt":"2022-02-14T18:54:59","guid":{"rendered":"https:\/\/yukarisokak.com\/?page_id=16"},"modified":"2022-03-10T14:21:15","modified_gmt":"2022-03-10T14:21:15","slug":"odalar","status":"publish","type":"page","link":"https:\/\/yukarisokak.com\/?page_id=16","title":{"rendered":"Odalar"},"content":{"rendered":"<div class=\"row row-box-shadow-4\"  id=\"row-2005923460\">\n\n\t<div id=\"col-1818938067\" class=\"col medium-6 small-12 large-6\"  >\n\t\t<div class=\"col-inner\"  >\n\t\t\t\n\t\t\t\n\n  <div class=\"banner has-hover\" id=\"banner-369938452\">\n          <div class=\"banner-inner fill\">\n        <div class=\"banner-bg fill\" >\n            <div class=\"bg fill bg-fill \"><\/div>\n                        <div class=\"overlay\"><\/div>            \n                    <\/div>\n        <div class=\"banner-layers container\">\n            <a class=\"fill\" href=\"https:\/\/yukarisokak.com\/?page_id=98\"  ><div class=\"fill banner-link\"><\/div><\/a>            \n   <div id=\"text-box-694893725\" class=\"text-box banner-layer x5 md-x5 lg-x5 y90 md-y90 lg-y90 res-text\">\n                                <div class=\"text dark\">\n              \n              <div class=\"text-inner text-center\">\n                  \n<h1 class=\"uppercase\" style=\"text-align: left;\"><strong>ODA 1<br \/><\/strong><\/h1>\n              <\/div>\n           <\/div>\n                            \n<style>\n#text-box-694893725 {\n  width: 60%;\n}\n#text-box-694893725 .text {\n  font-size: 100%;\n}\n<\/style>\n    <\/div>\n \n        <\/div>\n      <\/div>\n\n            \n<style>\n#banner-369938452 {\n  padding-top: 200px;\n}\n#banner-369938452 .bg.bg-loaded {\n  background-image: url(https:\/\/yukarisokak.com\/wp-content\/uploads\/2022\/02\/oda_1_9.jpg);\n}\n#banner-369938452 .overlay {\n  background-color: rgba(153, 224, 231, 0.45);\n}\n#banner-369938452 .bg {\n  background-position: 0% 96%;\n}\n<\/style>\n  <\/div>\n\n\n\t\t<\/div>\n\t\t\t<\/div>\n\n\t\n\n\t<div id=\"col-1457353941\" class=\"col medium-6 small-12 large-6\"  >\n\t\t<div class=\"col-inner\"  >\n\t\t\t\n\t\t\t\n\n  <div class=\"banner has-hover\" id=\"banner-2033817424\">\n          <div class=\"banner-inner fill\">\n        <div class=\"banner-bg fill\" >\n            <div class=\"bg fill bg-fill \"><\/div>\n                        <div class=\"overlay\"><\/div>            \n                    <\/div>\n        <div class=\"banner-layers container\">\n            <a class=\"fill\" href=\"https:\/\/yukarisokak.com\/?page_id=106\"  ><div class=\"fill banner-link\"><\/div><\/a>            \n   <div id=\"text-box-504427403\" class=\"text-box banner-layer x5 md-x5 lg-x5 y90 md-y90 lg-y90 res-text\">\n                                <div class=\"text dark\">\n              \n              <div class=\"text-inner text-center\">\n                  \n<h1 class=\"uppercase\" style=\"text-align: left;\"><strong>ODA 2<br \/><\/strong><\/h1>\n              <\/div>\n           <\/div>\n                            \n<style>\n#text-box-504427403 {\n  width: 60%;\n}\n#text-box-504427403 .text {\n  font-size: 100%;\n}\n<\/style>\n    <\/div>\n \n        <\/div>\n      <\/div>\n\n            \n<style>\n#banner-2033817424 {\n  padding-top: 200px;\n}\n#banner-2033817424 .bg.bg-loaded {\n  background-image: url(https:\/\/yukarisokak.com\/wp-content\/uploads\/2022\/02\/oda_2_14.jpg);\n}\n#banner-2033817424 .overlay {\n  background-color: rgba(153, 224, 231, 0.45);\n}\n#banner-2033817424 .bg {\n  background-position: 0% 96%;\n}\n<\/style>\n  <\/div>\n\n\n\t\t<\/div>\n\t\t\t<\/div>\n\n\t\n<\/div>\n<div class=\"row row-box-shadow-4\"  id=\"row-614797979\">\n\n\t<div id=\"col-88503292\" class=\"col medium-6 small-12 large-6\"  >\n\t\t<div class=\"col-inner\"  >\n\t\t\t\n\t\t\t\n\n  <div class=\"banner has-hover\" id=\"banner-563193074\">\n          <div class=\"banner-inner fill\">\n        <div class=\"banner-bg fill\" >\n            <div class=\"bg fill bg-fill \"><\/div>\n                        <div class=\"overlay\"><\/div>            \n                    <\/div>\n        <div class=\"banner-layers container\">\n            <a class=\"fill\" href=\"https:\/\/yukarisokak.com\/?page_id=108\"  ><div class=\"fill banner-link\"><\/div><\/a>            \n   <div id=\"text-box-1977194569\" class=\"text-box banner-layer x5 md-x5 lg-x5 y90 md-y90 lg-y90 res-text\">\n                                <div class=\"text dark\">\n              \n              <div class=\"text-inner text-center\">\n                  \n<h1 class=\"uppercase\" style=\"text-align: left;\"><strong>ODA 3<br \/><\/strong><\/h1>\n              <\/div>\n           <\/div>\n                            \n<style>\n#text-box-1977194569 {\n  width: 60%;\n}\n#text-box-1977194569 .text {\n  font-size: 100%;\n}\n<\/style>\n    <\/div>\n \n        <\/div>\n      <\/div>\n\n            \n<style>\n#banner-563193074 {\n  padding-top: 200px;\n}\n#banner-563193074 .bg.bg-loaded {\n  background-image: url(https:\/\/yukarisokak.com\/wp-content\/uploads\/2022\/02\/oda_3_18.jpg);\n}\n#banner-563193074 .overlay {\n  background-color: rgba(153, 224, 231, 0.45);\n}\n#banner-563193074 .bg {\n  background-position: 0% 52%;\n}\n<\/style>\n  <\/div>\n\n\n\t\t<\/div>\n\t\t\t<\/div>\n\n\t\n\n\t<div id=\"col-1036011182\" class=\"col medium-6 small-12 large-6\"  >\n\t\t<div class=\"col-inner\"  >\n\t\t\t\n\t\t\t\n\n  <div class=\"banner has-hover\" id=\"banner-1036044717\">\n          <div class=\"banner-inner fill\">\n        <div class=\"banner-bg fill\" >\n            <div class=\"bg fill bg-fill \"><\/div>\n                        <div class=\"overlay\"><\/div>            \n                    <\/div>\n        <div class=\"banner-layers container\">\n            <a class=\"fill\" href=\"https:\/\/yukarisokak.com\/?page_id=110\"  ><div class=\"fill banner-link\"><\/div><\/a>            \n   <div id=\"text-box-280867051\" class=\"text-box banner-layer x5 md-x5 lg-x5 y90 md-y90 lg-y90 res-text\">\n                                <div class=\"text dark\">\n              \n              <div class=\"text-inner text-center\">\n                  \n<h1 class=\"uppercase\" style=\"text-align: left;\"><strong>terasl\u0131 \u00e7at\u0131 kat\u0131<br \/><\/strong><\/h1>\n              <\/div>\n           <\/div>\n                            \n<style>\n#text-box-280867051 {\n  width: 60%;\n}\n#text-box-280867051 .text {\n  font-size: 100%;\n}\n<\/style>\n    <\/div>\n \n        <\/div>\n      <\/div>\n\n            \n<style>\n#banner-1036044717 {\n  padding-top: 200px;\n}\n#banner-1036044717 .bg.bg-loaded {\n  background-image: url(https:\/\/yukarisokak.com\/wp-content\/uploads\/2022\/02\/26.jpg);\n}\n#banner-1036044717 .overlay {\n  background-color: rgba(153, 224, 231, 0.45);\n}\n#banner-1036044717 .bg {\n  background-position: 0% 96%;\n}\n<\/style>\n  <\/div>\n\n\n\t\t<\/div>\n\t\t\t<\/div>\n\n\t\n<\/div>\n","protected":false},"excerpt":{"rendered":"","protected":false},"author":1,"featured_media":0,"parent":0,"menu_order":0,"comment_status":"closed","ping_status":"closed","template":"","meta":{"footnotes":""},"class_list":["post-16","page","type-page","status-publish","hentry"],"_links":{"self":[{"href":"https:\/\/yukarisokak.com\/index.php?rest_route=\/wp\/v2\/pages\/16","targetHints":{"allow":["GET"]}}],"collection":[{"href":"https:\/\/yukarisokak.com\/index.php?rest_route=\/wp\/v2\/pages"}],"about":[{"href":"https:\/\/yukarisokak.com\/index.php?rest_route=\/wp\/v2\/types\/page"}],"author":[{"embeddable":true,"href":"https:\/\/yukarisokak.com\/index.php?rest_route=\/wp\/v2\/users\/1"}],"replies":[{"embeddable":true,"href":"https:\/\/yukarisokak.com\/index.php?rest_route=%2Fwp%2Fv2%2Fcomments&post=16"}],"version-history":[{"count":5,"href":"https:\/\/yukarisokak.com\/index.php?rest_route=\/wp\/v2\/pages\/16\/revisions"}],"predecessor-version":[{"id":198,"href":"https:\/\/yukarisokak.com\/index.php?rest_route=\/wp\/v2\/pages\/16\/revisions\/198"}],"wp:attachment":[{"href":"https:\/\/yukarisokak.com\/index.php?rest_route=%2Fwp%2Fv2%2Fmedia&parent=16"}],"curies":[{"name":"wp","href":"https:\/\/api.w.org\/{rel}","templated":true}]}}