{"id":18,"date":"2022-02-14T18:55:42","date_gmt":"2022-02-14T18:55:42","guid":{"rendered":"https:\/\/yukarisokak.com\/?page_id=18"},"modified":"2023-10-27T15:28:54","modified_gmt":"2023-10-27T15:28:54","slug":"rezervasyon","status":"publish","type":"page","link":"https:\/\/yukarisokak.com\/?page_id=18","title":{"rendered":"Rezervasyon"},"content":{"rendered":"<div class=\"row\"  id=\"row-1059013345\">\n\n\t<div id=\"col-34116639\" class=\"col small-12 large-12\"  >\n\t\t<div class=\"col-inner box-shadow-4\"  >\n\t\t\t\n\t\t\t\n\t<section class=\"section\" id=\"section_1772453137\">\n\t\t<div class=\"bg section-bg fill bg-fill  \" >\n\n\t\t\t\n\t\t\t\n\t\t\t\n\t<div class=\"is-border\"\n\t\tstyle=\"border-color:rgb(235, 235, 235);border-width:1px 0px 0px 0px;\">\n\t<\/div>\n\n\t\t<\/div>\n\n\t\t<div class=\"section-content relative\">\n\t\t\t\n<div class=\"row row-large align-middle align-center\"  id=\"row-64702107\">\n<p>test<\/p>\n\n\t<div id=\"col-2012376752\" class=\"col medium-6 small-12 large-6\"  >\n\t\t<div class=\"col-inner text-center text-shadow-5\"  >\n\t\t\t\n\t\t\t\n\t<div class=\"img has-hover x md-x lg-x y md-y lg-y\" id=\"image_1461300079\">\n\t\t\t\t\t\t<div data-animate=\"flipInY\">\t\t<div class=\"img-inner dark\" >\n\t\t\t<img loading=\"lazy\" decoding=\"async\" width=\"85\" height=\"115\" src=\"https:\/\/yukarisokak.com\/wp-content\/uploads\/2022\/02\/logo2.png\" class=\"attachment-large size-large\" alt=\"\" \/>\t\t\t\t\t\t\n\t\t\t\t\t<\/div>\n\t\t<\/div>\t\t\t\t\t\t\n<style>\n#image_1461300079 {\n  width: 52%;\n}\n@media (min-width:550px) {\n  #image_1461300079 {\n    width: 25%;\n  }\n}\n<\/style>\n\t<\/div>\n\t\n<h2>\u00a0<\/h2>\n<h1><span style=\"color: #ffffff;\">B\u0130ZE ULA\u015eIN<\/span><\/h1>\n<p><span style=\"font-size: 150%; color: #ffffff;\">Merak etti\u011finiz ilgili her konuda bize ula\u015fabilir, sorular\u0131n\u0131z\u0131 y\u00f6neltebilirsiniz.<\/span><\/p>\n<a href=\"tel:+90%20532%20679%2071%2051\" target=\"_self\" class=\"button primary is-shade is-larger box-shadow-4 box-shadow-1-hover\"  style=\"border-radius:10px;\">\n    <span>hemen ara<\/span>\n  <i class=\"icon-phone\" ><\/i><\/a>\n\n\t\t<\/div>\n\t\t\t<\/div>\n\n\t\n\n\t<div id=\"col-697641522\" class=\"col medium-6 small-12 large-6\"  >\n\t\t<div class=\"col-inner box-shadow-4\" style=\"background-color:rgb(255, 255, 255);\" >\n\t\t\t\n\t\t\t\n<p><!-- &#091;contact-form-7 id=\"146\"&#093;--><\/p>\n<div id=\"reseliva-widget\"><a href=\"https:\/\/www.reseliva.com\/\" class=\"powered_by\">Reseliva Rezervasyon Motoru &#038; Kanal Y\u00f6neticisi<\/a><\/div>\n<p><script>\n(function(d, s, id){var js, fjs = d.getElementsByTagName(s)[0];if (d.getElementById(id)) {return;}js = d.createElement(s); js.id = id;js.src = \"https:\/\/www.reseliva.com\/ReselivaWidget\/JS\/rw_script.js\";fjs.parentNode.insertBefore(js, fjs);}(document, 'script', 'reseliva_widget'));\nlet RW = {\"type\":\"box\",\n\"hotelUrl\":[\"Yukari-Sokak-Otel-Alacati\"],\n\"lang\":\"tr\",\n\"maxWidth\": 350,\n\"title\" : true,\n\"maxChild\" : 0,\n\"target\" : \"_blank\"};\n<\/script><\/p>\n<style>\n<p>.res-btn font{<\/p>\n<p>color:#000 !important\n}<\/p>\n<p>.box .res-form-control {\n\tmin-width: 70% !important;\n}\n<\/style>\n\t\t<\/div>\n\t\t\n<style>\n#col-697641522 > .col-inner {\n  padding: 15px 15px 15px 15px;\n}\n<\/style>\n\t<\/div>\n\n\t\n<\/div>\n\t\t<\/div>\n\n\t\t\n<style>\n#section_1772453137 {\n  padding-top: 59px;\n  padding-bottom: 59px;\n  min-height: 300px;\n  background-color: rgb(228, 228, 228);\n}\n#section_1772453137 .section-bg.bg-loaded {\n  background-image: url(https:\/\/yukarisokak.com\/wp-content\/uploads\/2022\/02\/beach_PNG59.png);\n}\n<\/style>\n\t<\/section>\n\t\n\t\t<\/div>\n\t\t\t<\/div>\n\n\t\n<\/div>\n","protected":false},"excerpt":{"rendered":"","protected":false},"author":1,"featured_media":0,"parent":0,"menu_order":0,"comment_status":"closed","ping_status":"closed","template":"","meta":{"footnotes":""},"class_list":["post-18","page","type-page","status-publish","hentry"],"_links":{"self":[{"href":"https:\/\/yukarisokak.com\/index.php?rest_route=\/wp\/v2\/pages\/18","targetHints":{"allow":["GET"]}}],"collection":[{"href":"https:\/\/yukarisokak.com\/index.php?rest_route=\/wp\/v2\/pages"}],"about":[{"href":"https:\/\/yukarisokak.com\/index.php?rest_route=\/wp\/v2\/types\/page"}],"author":[{"embeddable":true,"href":"https:\/\/yukarisokak.com\/index.php?rest_route=\/wp\/v2\/users\/1"}],"replies":[{"embeddable":true,"href":"https:\/\/yukarisokak.com\/index.php?rest_route=%2Fwp%2Fv2%2Fcomments&post=18"}],"version-history":[{"count":11,"href":"https:\/\/yukarisokak.com\/index.php?rest_route=\/wp\/v2\/pages\/18\/revisions"}],"predecessor-version":[{"id":224,"href":"https:\/\/yukarisokak.com\/index.php?rest_route=\/wp\/v2\/pages\/18\/revisions\/224"}],"wp:attachment":[{"href":"https:\/\/yukarisokak.com\/index.php?rest_route=%2Fwp%2Fv2%2Fmedia&parent=18"}],"curies":[{"name":"wp","href":"https:\/\/api.w.org\/{rel}","templated":true}]}}