{"id":226,"date":"2022-02-14T21:38:53","date_gmt":"2022-02-14T21:38:53","guid":{"rendered":"https:\/\/yukarisokak.com\/?page_id=226"},"modified":"2024-02-16T06:30:26","modified_gmt":"2024-02-16T06:30:26","slug":"hakkimizda-1","status":"publish","type":"page","link":"https:\/\/yukarisokak.com\/?page_id=226","title":{"rendered":"S\u00fcrd\u00fcr\u00fclebilirlik &#038; Politika"},"content":{"rendered":"\t<div id=\"text-3662228453\" class=\"text\">\n\t\t\n<h2 class=\"elementToProof\">YUKARI SOKAK OTEL POL\u0130T\u0130KASI<\/h2>\n<p>T\u00fcm \u00e7al\u0131\u015fanlar\u0131m\u0131z ile birlikte misafir memnuniyetini her \u015feyin \u00fczerinde tutarak en iyi kalitede hizmet vermek otellerimizin ana hedefidir. Bu hedef do\u011frultusunda;<\/p>\n<h3>Yasal Gereklilikler<\/h3>\n<p class=\"elementToProof\">Yukar\u0131 Sokak\u00a0t\u00fcm \u00fcr\u00fcn ve hizmet s\u00fcre\u00e7lerinde yasal gerekliliklere uymay\u0131 ilke edinmi\u015ftir.<\/p>\n<h3>\u00c7al\u0131\u015fanlar\u0131m\u0131z\u0131n G\u00fcvenli\u011fi ve \u0130nsana Yat\u0131r\u0131m<\/h3>\n<p>Personelimiz en de\u011ferli varl\u0131\u011f\u0131m\u0131zd\u0131r. \u00c7al\u0131\u015fanlar\u0131m\u0131z\u0131n ve i\u015f ortaklar\u0131m\u0131z\u0131n sa\u011fl\u0131k ve g\u00fcvenliklerini tehlikeye atacak riskleri en aza indirmek ve i\u015f kazalar\u0131n\u0131 \u00f6nlemek i\u00e7in t\u00fcm s\u00fcre\u00e7lerimizde s\u00fcrekli iyile\u015ftirme yap\u0131lmakta ve son teknolojiler takip edilmektedir. \u00c7al\u0131\u015fanlar\u0131m\u0131z\u0131n e\u011fitimi, insan haklar\u0131n\u0131n korunmas\u0131 ve din, dil, \u0131rk g\u00f6zetilmeden e\u015fit haklardan faydalanmas\u0131 vazge\u00e7ilmez kural\u0131m\u0131zd\u0131r.<\/p>\n<h3>Misafir Memnuniyeti \u2013 Misafir G\u00fcvenli\u011fi \u2013 Misafir Odakl\u0131l\u0131k<\/h3>\n<p class=\"elementToProof\">Misafirlerimiz var olma sebebimizdir. Her t\u00fcrl\u00fc kaynaktan gelen t\u00fcm misafir \u015fik\u00e2yetlerini takip etmek, \u015fik\u00e2yetleri \u00e7\u00f6z\u00fcmlemek ve misafirlerimizi bu konuda bilgilendirerek \u015fik\u00e2yetleri kendimiz i\u00e7in f\u0131rsata d\u00f6n\u00fc\u015ft\u00fcrmek \u00f6ncelikli de\u011ferlerimizdir.<\/p>\n<h3>\u00c7evreye Sayg\u0131<\/h3>\n<p>Kaynaklar\u0131m\u0131z\u0131 en verimli \u015fekilde kullanarak \u00e7evre kirlili\u011fini \u00f6nlenmek ve do\u011fay\u0131 korumak, at\u0131klar\u0131m\u0131z\u0131n miktar\u0131n\u0131 azaltmak, geri d\u00f6n\u00fc\u015f\u00fcm\u00fc sa\u011flamak veya zarars\u0131z hale getirmek ana hedeflerimizdendir.<\/p>\n<h3>Enerji Tasarrufu<\/h3>\n<p class=\"elementToProof\">Enerji kaynaklar\u0131m\u0131z\u0131 en verimli \u015fekilde kullanmak ve enerji verimlili\u011fi konusunda s\u00fcrekli iyile\u015ftirmeyi esas edinmi\u015ftir.<\/p>\n<h3 class=\"elementToProof\">G\u0131da G\u00fcvenli\u011fi &amp; Hijyen<\/h3>\n<p>Kaliteli, g\u0131da g\u00fcvenli\u011fi ilkelerine uygun \u00fcr\u00fcnler sunmak i\u00e7in g\u0131da zinciri boyunca g\u0131da g\u00fcvenlik sistemini uygulamak, s\u00fcrekli iyile\u015ftirmek ve t\u00fcm oteller genelinde hijyen \u015fartlar\u0131n\u0131 \u00f6n planda tutmak ortak prensibimizdir.<\/p>\n<h3>Yat\u0131r\u0131mc\u0131m\u0131z ve \u0130\u015f Ortaklar\u0131m\u0131z<\/h3>\n<p>\u00c7al\u0131\u015fanlar\u0131na huzurlu ve g\u00fcvenli bir \u00e7al\u0131\u015fma ortam\u0131 sa\u011flayan yat\u0131r\u0131mc\u0131m\u0131z ve ayn\u0131 hedefi payla\u015ft\u0131\u011f\u0131m\u0131z i\u015f ortaklar\u0131m\u0131z\u0131n beklenti ve gereksinimlerini \u00e7ok iyi tespit ederek, en uygun maliyet ile rakiplerimizden daha iyi hizmet vermek i\u00e7in \u00e7al\u0131\u015f\u0131r\u0131z.<\/p>\n<h3>Yerel Ekonomiye Destek<\/h3>\n<p>Sat\u0131nalma Uygulamalar\u0131:<\/p>\n<p class=\"elementToProof\">S\u00fcrd\u00fcr\u00fclebilir turizm i\u00e7in, daha az enerji, su, at\u0131k \u00fcreten, \u00e7evre dostu sat\u0131nalma yapar\u0131z.<\/p>\n<h3>D\u00fcnya\u2019da sayg\u0131n olabilmek i\u00e7in \u00e7evreye ve D\u00fcnya\u2019ya sayg\u0131l\u0131y\u0131z&#8230;<\/h3>\n<p class=\"elementToProof\">Yukar\u0131 Sokak olarak, misafirlerinin konforundan taviz vermeden, su, elektrik, enerji, kimyasal, kat\u0131 at\u0131k<br \/>\nmiktarlar\u0131n\u0131n kontrol alt\u0131na al\u0131nmas\u0131, \u00e7evreye ve do\u011fal kaynaklara y\u00f6nelik olu\u015fabilecek zarar\u0131n en aza<br \/>\nindirilmesi hedeflenmektedir.<br \/>\nS\u00fcrd\u00fcr\u00fclebilir turizm ilkeleri \u0131\u015f\u0131\u011f\u0131nda ald\u0131\u011f\u0131m\u0131z \u00f6nlemler ile do\u011fal kaynak kullan\u0131m\u0131 azalt\u0131lm\u0131\u015f, topra\u011fa,<br \/>\nsuya, havaya verilen zararlar\u0131n minimum d\u00fczeye indirilmesi ve m\u00fcmk\u00fcn ise ortadan kald\u0131r\u0131labilmesi i\u00e7in uygulamalar g\u00fcncellenmi\u015ftir.<\/p>\n\t\t\n<style>\n#text-3662228453 {\n  text-align: center;\n}\n<\/style>\n\t<\/div>\n\t\n","protected":false},"excerpt":{"rendered":"","protected":false},"author":1,"featured_media":0,"parent":0,"menu_order":0,"comment_status":"closed","ping_status":"closed","template":"","meta":{"footnotes":""},"class_list":["post-226","page","type-page","status-publish","hentry"],"_links":{"self":[{"href":"https:\/\/yukarisokak.com\/index.php?rest_route=\/wp\/v2\/pages\/226","targetHints":{"allow":["GET"]}}],"collection":[{"href":"https:\/\/yukarisokak.com\/index.php?rest_route=\/wp\/v2\/pages"}],"about":[{"href":"https:\/\/yukarisokak.com\/index.php?rest_route=\/wp\/v2\/types\/page"}],"author":[{"embeddable":true,"href":"https:\/\/yukarisokak.com\/index.php?rest_route=\/wp\/v2\/users\/1"}],"replies":[{"embeddable":true,"href":"https:\/\/yukarisokak.com\/index.php?rest_route=%2Fwp%2Fv2%2Fcomments&post=226"}],"version-history":[{"count":1,"href":"https:\/\/yukarisokak.com\/index.php?rest_route=\/wp\/v2\/pages\/226\/revisions"}],"predecessor-version":[{"id":227,"href":"https:\/\/yukarisokak.com\/index.php?rest_route=\/wp\/v2\/pages\/226\/revisions\/227"}],"wp:attachment":[{"href":"https:\/\/yukarisokak.com\/index.php?rest_route=%2Fwp%2Fv2%2Fmedia&parent=226"}],"curies":[{"name":"wp","href":"https:\/\/api.w.org\/{rel}","templated":true}]}}