{"id":24,"date":"2022-02-14T18:57:32","date_gmt":"2022-02-14T18:57:32","guid":{"rendered":"https:\/\/yukarisokak.com\/?page_id=24"},"modified":"2022-02-14T21:55:17","modified_gmt":"2022-02-14T21:55:17","slug":"iletisim","status":"publish","type":"page","link":"https:\/\/yukarisokak.com\/?page_id=24","title":{"rendered":"\u0130leti\u015fim"},"content":{"rendered":"<div class=\"container section-title-container\" ><h3 class=\"section-title section-title-normal\"><b><\/b><span class=\"section-title-main\" >KONUM<\/span><b><\/b><\/h3><\/div>\n<p><iframe src=\"https:\/\/www.google.com\/maps\/embed?pb=!1m18!1m12!1m3!1d3131.7701440992573!2d26.37096091511792!3d38.28482079042347!2m3!1f0!2f0!3f0!3m2!1i1024!2i768!4f13.1!3m3!1m2!1s0x14bb78dfe597d38d%3A0x5a600192cd90d5a1!2sYukari%20Sokak!5e0!3m2!1sen!2str!4v1644874125955!5m2!1sen!2str\" width=100% height=\"300\" style=\"border:0;\" allowfullscreen=\"\" loading=\"lazy\"><\/iframe><\/p>\n<div class=\"row\"  id=\"row-42468024\">\n\n\t<div id=\"col-1688953456\" class=\"col small-12 large-12\"  >\n\t\t<div class=\"col-inner\"  >\n\t\t\t\n\t\t\t\n<div class=\"container section-title-container\" ><h3 class=\"section-title section-title-normal\"><b><\/b><span class=\"section-title-main\" >ADRES & \u0130LET\u0130\u015e\u0130M<\/span><b><\/b><\/h3><\/div>\n\t<section class=\"section\" id=\"section_1219767523\">\n\t\t<div class=\"bg section-bg fill bg-fill  bg-loaded\" >\n\n\t\t\t\n\t\t\t\n\t\t\t\n\t<div class=\"is-border\"\n\t\tstyle=\"border-color:rgb(235, 235, 235);border-width:1px 0px 0px 0px;\">\n\t<\/div>\n\n\t\t<\/div>\n\n\t\t<div class=\"section-content relative\">\n\t\t\t\n<div class=\"row row-large align-middle align-center\"  id=\"row-1684792585\">\n\n\t<div id=\"col-916797703\" class=\"col medium-6 small-12 large-6\"  >\n\t\t<div class=\"col-inner box-shadow-4\" style=\"background-color:rgb(255, 255, 255);\" >\n\t\t\t\n\t\t\t\n<div class=\"container section-title-container\" ><h3 class=\"section-title section-title-normal\"><b><\/b><span class=\"section-title-main\" >\u0130LET\u0130\u015e\u0130M FORMU<\/span><b><\/b><\/h3><\/div>\n\n<div class=\"wpcf7 no-js\" id=\"wpcf7-f41-o1\" lang=\"tr-TR\" dir=\"ltr\" data-wpcf7-id=\"41\">\n<div class=\"screen-reader-response\"><p role=\"status\" aria-live=\"polite\" aria-atomic=\"true\"><\/p> <ul><\/ul><\/div>\n<form action=\"\/index.php?rest_route=%2Fwp%2Fv2%2Fpages%2F24#wpcf7-f41-o1\" method=\"post\" class=\"wpcf7-form init\" aria-label=\"\u0130leti\u015fim Formu\" novalidate=\"novalidate\" data-status=\"init\">\n<div style=\"display: none;\">\n<input type=\"hidden\" name=\"_wpcf7\" value=\"41\" \/>\n<input type=\"hidden\" name=\"_wpcf7_version\" value=\"6.0.5\" \/>\n<input type=\"hidden\" name=\"_wpcf7_locale\" value=\"tr_TR\" \/>\n<input type=\"hidden\" name=\"_wpcf7_unit_tag\" value=\"wpcf7-f41-o1\" \/>\n<input type=\"hidden\" name=\"_wpcf7_container_post\" value=\"0\" \/>\n<input type=\"hidden\" name=\"_wpcf7_posted_data_hash\" value=\"\" \/>\n<\/div>\n<p><label> Ad\u0131n\u0131z<br \/>\n<span class=\"wpcf7-form-control-wrap\" data-name=\"your-name\"><input size=\"40\" maxlength=\"400\" class=\"wpcf7-form-control wpcf7-text wpcf7-validates-as-required\" aria-required=\"true\" aria-invalid=\"false\" value=\"\" type=\"text\" name=\"your-name\" \/><\/span> <\/label>\n<\/p>\n<p><label> E-posta adresiniz<br \/>\n<span class=\"wpcf7-form-control-wrap\" data-name=\"your-email\"><input size=\"40\" maxlength=\"400\" class=\"wpcf7-form-control wpcf7-email wpcf7-validates-as-required wpcf7-text wpcf7-validates-as-email\" aria-required=\"true\" aria-invalid=\"false\" value=\"\" type=\"email\" name=\"your-email\" \/><\/span> <\/label>\n<\/p>\n<p><label> Konu<br \/>\n<span class=\"wpcf7-form-control-wrap\" data-name=\"your-subject\"><input size=\"40\" maxlength=\"400\" class=\"wpcf7-form-control wpcf7-text wpcf7-validates-as-required\" aria-required=\"true\" aria-invalid=\"false\" value=\"\" type=\"text\" name=\"your-subject\" \/><\/span> <\/label>\n<\/p>\n<p><label> \u0130letiniz<br \/>\n<span class=\"wpcf7-form-control-wrap\" data-name=\"your-message\"><textarea cols=\"40\" rows=\"10\" maxlength=\"2000\" class=\"wpcf7-form-control wpcf7-textarea\" aria-invalid=\"false\" name=\"your-message\"><\/textarea><\/span> <\/label>\n<\/p>\n<p><input class=\"wpcf7-form-control wpcf7-submit has-spinner\" type=\"submit\" value=\"G\u00f6nder\" \/>\n<\/p><div class=\"wpcf7-response-output\" aria-hidden=\"true\"><\/div>\n<\/form>\n<\/div>\n\n\t\t<\/div>\n\t\t\n<style>\n#col-916797703 > .col-inner {\n  padding: 15px 15px 15px 15px;\n}\n<\/style>\n\t<\/div>\n\n\t\n\n\t<div id=\"col-1103103281\" class=\"col medium-6 small-12 large-6\"  >\n\t\t<div class=\"col-inner text-left\"  >\n\t\t\t\n\t\t\t\n\t<div class=\"img has-hover x md-x lg-x y md-y lg-y\" id=\"image_1651333267\">\n\t\t\t\t\t\t\t\t<div class=\"img-inner dark\" >\n\t\t\t<img loading=\"lazy\" decoding=\"async\" width=\"85\" height=\"115\" src=\"https:\/\/yukarisokak.com\/wp-content\/uploads\/2022\/02\/logo2.png\" class=\"attachment-large size-large\" alt=\"\" \/>\t\t\t\t\t\t\n\t\t\t\t\t<\/div>\n\t\t\t\t\t\t\t\t\n<style>\n#image_1651333267 {\n  width: 28%;\n}\n<\/style>\n\t<\/div>\n\t\n\t<div id=\"text-2211874161\" class=\"text\">\n\t\t\n<h2>Bize Ula\u015f\u0131n<\/h2>\n<p>Merak etti\u011finiz ilgili her konu i\u00e7in bize ula\u015fabilir, sorular\u0131n\u0131z\u0131 y\u00f6neltebilirsiniz.<\/p>\n<p><strong>Adres<\/strong> :Toko\u011flu Mahallesi 1031 Sokak No 2 Ala\u00e7at\u0131<\/p>\n<p><strong>TEL<\/strong> : <a href=\"tel:+90 232 716 71 51\">+90 232 716 71 51<\/a><\/p>\n<p><strong>GSM<\/strong> : <a href=\"tel:+90 532 679 71 51\">+90 532 679 71 51<\/a><\/p>\n<p><strong>FAKS<\/strong> : <a href=\"tel:+90 232 716 71 61\">+90 232 716 71 61<\/a><\/p>\n<p><strong>MA\u0130L<\/strong> : <a href=\"mailto:alacati@yukarisokak.com\">alacati@yukarisokak.com<\/a><\/p>\n\t\t\n<style>\n#text-2211874161 {\n  text-align: left;\n}\n<\/style>\n\t<\/div>\n\t\n<a href=\"tel:+90%20532%20679%2071%2051\" target=\"_self\" class=\"button primary is-shade is-larger box-shadow-4 box-shadow-1-hover\"  style=\"border-radius:10px;\">\n    <span>HEMEN ARA<\/span>\n  <i class=\"icon-phone\" ><\/i><\/a>\n\n\t\t<\/div>\n\t\t\t<\/div>\n\n\t\n<\/div>\n\t\t<\/div>\n\n\t\t\n<style>\n#section_1219767523 {\n  padding-top: 59px;\n  padding-bottom: 59px;\n  min-height: 300px;\n  background-color: rgb(228, 228, 228);\n}\n<\/style>\n\t<\/section>\n\t\n\t\t<\/div>\n\t\t\t<\/div>\n\n\t\n<\/div>\n","protected":false},"excerpt":{"rendered":"","protected":false},"author":1,"featured_media":0,"parent":0,"menu_order":0,"comment_status":"closed","ping_status":"closed","template":"","meta":{"footnotes":""},"class_list":["post-24","page","type-page","status-publish","hentry"],"_links":{"self":[{"href":"https:\/\/yukarisokak.com\/index.php?rest_route=\/wp\/v2\/pages\/24","targetHints":{"allow":["GET"]}}],"collection":[{"href":"https:\/\/yukarisokak.com\/index.php?rest_route=\/wp\/v2\/pages"}],"about":[{"href":"https:\/\/yukarisokak.com\/index.php?rest_route=\/wp\/v2\/types\/page"}],"author":[{"embeddable":true,"href":"https:\/\/yukarisokak.com\/index.php?rest_route=\/wp\/v2\/users\/1"}],"replies":[{"embeddable":true,"href":"https:\/\/yukarisokak.com\/index.php?rest_route=%2Fwp%2Fv2%2Fcomments&post=24"}],"version-history":[{"count":4,"href":"https:\/\/yukarisokak.com\/index.php?rest_route=\/wp\/v2\/pages\/24\/revisions"}],"predecessor-version":[{"id":141,"href":"https:\/\/yukarisokak.com\/index.php?rest_route=\/wp\/v2\/pages\/24\/revisions\/141"}],"wp:attachment":[{"href":"https:\/\/yukarisokak.com\/index.php?rest_route=%2Fwp%2Fv2%2Fmedia&parent=24"}],"curies":[{"name":"wp","href":"https:\/\/api.w.org\/{rel}","templated":true}]}}