{"id":98,"date":"2022-02-14T21:12:41","date_gmt":"2022-02-14T21:12:41","guid":{"rendered":"https:\/\/yukarisokak.com\/?page_id=98"},"modified":"2022-03-21T20:11:35","modified_gmt":"2022-03-21T20:11:35","slug":"oda-1","status":"publish","type":"page","link":"https:\/\/yukarisokak.com\/?page_id=98","title":{"rendered":"ODA 1"},"content":{"rendered":"<div class=\"container section-title-container\" ><h1 class=\"section-title section-title-normal\"><b><\/b><span class=\"section-title-main\" >ODA 1<\/span><b><\/b><\/h1><\/div>\n<p><span style=\"font-size: 120%;\">Y\u00fcksek hat\u0131ll\u0131 tavanl\u0131 1 numaral\u0131 odam\u0131z ; <br \/><\/span><\/p>\n\n  \n    <div id=\"gallery-377436777\" class=\"row large-columns-2 medium-columns- small-columns-2 row-small row-masonry\" data-packery-options='{\"itemSelector\": \".col\", \"gutter\": 0, \"presentageWidth\" : true}'>\n\n          <div class=\"gallery-col col\" >\n          <div class=\"col-inner\">\n            <a class=\"image-lightbox lightbox-gallery\" href=\"https:\/\/yukarisokak.com\/wp-content\/uploads\/2022\/02\/oda_1_9-1.jpg\" title=\"\">            <div class=\"box has-hover gallery-box box-overlay dark\">\n              <div class=\"box-image box-shadow-4 box-shadow-5-hover\" >\n                <img loading=\"lazy\" decoding=\"async\" width=\"300\" height=\"200\" src=\"https:\/\/yukarisokak.com\/wp-content\/uploads\/2022\/02\/oda_1_9-1-300x200.jpg\" class=\"attachment-medium size-medium\" alt=\"\" ids=\"101,102,103,104,180,179\" type=\"masonry\" col_spacing=\"small\" columns=\"2\" columns__sm=\"2\" depth=\"4\" depth_hover=\"5\" srcset=\"https:\/\/yukarisokak.com\/wp-content\/uploads\/2022\/02\/oda_1_9-1-300x200.jpg 300w, https:\/\/yukarisokak.com\/wp-content\/uploads\/2022\/02\/oda_1_9-1.jpg 500w\" sizes=\"auto, (max-width: 300px) 100vw, 300px\" \/>                                  <div class=\"overlay fill\"\n                      style=\"background-color: rgba(0,0,0,.15)\">\n                  <\/div>\n                                                              <\/div>\n              <div class=\"box-text text-left\" >\n                 <p><\/p>\n              <\/div>\n            <\/div>\n            <\/a>          <\/div>\n         <\/div>\n                 <div class=\"gallery-col col\" >\n          <div class=\"col-inner\">\n            <a class=\"image-lightbox lightbox-gallery\" href=\"https:\/\/yukarisokak.com\/wp-content\/uploads\/2022\/02\/oda_1_8.jpg\" title=\"\">            <div class=\"box has-hover gallery-box box-overlay dark\">\n              <div class=\"box-image box-shadow-4 box-shadow-5-hover\" >\n                <img loading=\"lazy\" decoding=\"async\" width=\"200\" height=\"300\" src=\"https:\/\/yukarisokak.com\/wp-content\/uploads\/2022\/02\/oda_1_8-200x300.jpg\" class=\"attachment-medium size-medium\" alt=\"\" ids=\"101,102,103,104,180,179\" type=\"masonry\" col_spacing=\"small\" columns=\"2\" columns__sm=\"2\" depth=\"4\" depth_hover=\"5\" srcset=\"https:\/\/yukarisokak.com\/wp-content\/uploads\/2022\/02\/oda_1_8-200x300.jpg 200w, https:\/\/yukarisokak.com\/wp-content\/uploads\/2022\/02\/oda_1_8.jpg 400w\" sizes=\"auto, (max-width: 200px) 100vw, 200px\" \/>                                  <div class=\"overlay fill\"\n                      style=\"background-color: rgba(0,0,0,.15)\">\n                  <\/div>\n                                                              <\/div>\n              <div class=\"box-text text-left\" >\n                 <p><\/p>\n              <\/div>\n            <\/div>\n            <\/a>          <\/div>\n         <\/div>\n                 <div class=\"gallery-col col\" >\n          <div class=\"col-inner\">\n            <a class=\"image-lightbox lightbox-gallery\" href=\"https:\/\/yukarisokak.com\/wp-content\/uploads\/2022\/02\/oda_1_11.jpg\" title=\"\">            <div class=\"box has-hover gallery-box box-overlay dark\">\n              <div class=\"box-image box-shadow-4 box-shadow-5-hover\" >\n                <img loading=\"lazy\" decoding=\"async\" width=\"300\" height=\"200\" src=\"https:\/\/yukarisokak.com\/wp-content\/uploads\/2022\/02\/oda_1_11-300x200.jpg\" class=\"attachment-medium size-medium\" alt=\"\" ids=\"101,102,103,104,180,179\" type=\"masonry\" col_spacing=\"small\" columns=\"2\" columns__sm=\"2\" depth=\"4\" depth_hover=\"5\" srcset=\"https:\/\/yukarisokak.com\/wp-content\/uploads\/2022\/02\/oda_1_11-300x200.jpg 300w, https:\/\/yukarisokak.com\/wp-content\/uploads\/2022\/02\/oda_1_11.jpg 500w\" sizes=\"auto, (max-width: 300px) 100vw, 300px\" \/>                                  <div class=\"overlay fill\"\n                      style=\"background-color: rgba(0,0,0,.15)\">\n                  <\/div>\n                                                              <\/div>\n              <div class=\"box-text text-left\" >\n                 <p><\/p>\n              <\/div>\n            <\/div>\n            <\/a>          <\/div>\n         <\/div>\n                 <div class=\"gallery-col col\" >\n          <div class=\"col-inner\">\n            <a class=\"image-lightbox lightbox-gallery\" href=\"https:\/\/yukarisokak.com\/wp-content\/uploads\/2022\/02\/oda_1_10.jpg\" title=\"\">            <div class=\"box has-hover gallery-box box-overlay dark\">\n              <div class=\"box-image box-shadow-4 box-shadow-5-hover\" >\n                <img loading=\"lazy\" decoding=\"async\" width=\"300\" height=\"200\" src=\"https:\/\/yukarisokak.com\/wp-content\/uploads\/2022\/02\/oda_1_10-300x200.jpg\" class=\"attachment-medium size-medium\" alt=\"\" ids=\"101,102,103,104,180,179\" type=\"masonry\" col_spacing=\"small\" columns=\"2\" columns__sm=\"2\" depth=\"4\" depth_hover=\"5\" srcset=\"https:\/\/yukarisokak.com\/wp-content\/uploads\/2022\/02\/oda_1_10-300x200.jpg 300w, https:\/\/yukarisokak.com\/wp-content\/uploads\/2022\/02\/oda_1_10.jpg 500w\" sizes=\"auto, (max-width: 300px) 100vw, 300px\" \/>                                  <div class=\"overlay fill\"\n                      style=\"background-color: rgba(0,0,0,.15)\">\n                  <\/div>\n                                                              <\/div>\n              <div class=\"box-text text-left\" >\n                 <p><\/p>\n              <\/div>\n            <\/div>\n            <\/a>          <\/div>\n         <\/div>\n                 <div class=\"gallery-col col\" >\n          <div class=\"col-inner\">\n            <a class=\"image-lightbox lightbox-gallery\" href=\"https:\/\/yukarisokak.com\/wp-content\/uploads\/2022\/03\/OTEL-ODASI-1-YATAKLAR-1024x683.jpg\" title=\"\">            <div class=\"box has-hover gallery-box box-overlay dark\">\n              <div class=\"box-image box-shadow-4 box-shadow-5-hover\" >\n                <img loading=\"lazy\" decoding=\"async\" width=\"300\" height=\"200\" src=\"https:\/\/yukarisokak.com\/wp-content\/uploads\/2022\/03\/OTEL-ODASI-1-YATAKLAR-300x200.jpg\" class=\"attachment-medium size-medium\" alt=\"\" ids=\"101,102,103,104,180,179\" type=\"masonry\" col_spacing=\"small\" columns=\"2\" columns__sm=\"2\" depth=\"4\" depth_hover=\"5\" srcset=\"https:\/\/yukarisokak.com\/wp-content\/uploads\/2022\/03\/OTEL-ODASI-1-YATAKLAR-300x200.jpg 300w, https:\/\/yukarisokak.com\/wp-content\/uploads\/2022\/03\/OTEL-ODASI-1-YATAKLAR-1024x683.jpg 1024w, https:\/\/yukarisokak.com\/wp-content\/uploads\/2022\/03\/OTEL-ODASI-1-YATAKLAR-768x512.jpg 768w, https:\/\/yukarisokak.com\/wp-content\/uploads\/2022\/03\/OTEL-ODASI-1-YATAKLAR-1536x1024.jpg 1536w, https:\/\/yukarisokak.com\/wp-content\/uploads\/2022\/03\/OTEL-ODASI-1-YATAKLAR-2048x1365.jpg 2048w\" sizes=\"auto, (max-width: 300px) 100vw, 300px\" \/>                                  <div class=\"overlay fill\"\n                      style=\"background-color: rgba(0,0,0,.15)\">\n                  <\/div>\n                                                              <\/div>\n              <div class=\"box-text text-left\" >\n                 <p><\/p>\n              <\/div>\n            <\/div>\n            <\/a>          <\/div>\n         <\/div>\n                 <div class=\"gallery-col col\" >\n          <div class=\"col-inner\">\n            <a class=\"image-lightbox lightbox-gallery\" href=\"https:\/\/yukarisokak.com\/wp-content\/uploads\/2022\/03\/OTEL-ODASI-1-YATAK-1024x683.jpg\" title=\"\">            <div class=\"box has-hover gallery-box box-overlay dark\">\n              <div class=\"box-image box-shadow-4 box-shadow-5-hover\" >\n                <img loading=\"lazy\" decoding=\"async\" width=\"300\" height=\"200\" src=\"https:\/\/yukarisokak.com\/wp-content\/uploads\/2022\/03\/OTEL-ODASI-1-YATAK-300x200.jpg\" class=\"attachment-medium size-medium\" alt=\"\" ids=\"101,102,103,104,180,179\" type=\"masonry\" col_spacing=\"small\" columns=\"2\" columns__sm=\"2\" depth=\"4\" depth_hover=\"5\" srcset=\"https:\/\/yukarisokak.com\/wp-content\/uploads\/2022\/03\/OTEL-ODASI-1-YATAK-300x200.jpg 300w, https:\/\/yukarisokak.com\/wp-content\/uploads\/2022\/03\/OTEL-ODASI-1-YATAK-1024x683.jpg 1024w, https:\/\/yukarisokak.com\/wp-content\/uploads\/2022\/03\/OTEL-ODASI-1-YATAK-768x512.jpg 768w, https:\/\/yukarisokak.com\/wp-content\/uploads\/2022\/03\/OTEL-ODASI-1-YATAK-1536x1024.jpg 1536w, https:\/\/yukarisokak.com\/wp-content\/uploads\/2022\/03\/OTEL-ODASI-1-YATAK-2048x1365.jpg 2048w\" sizes=\"auto, (max-width: 300px) 100vw, 300px\" \/>                                  <div class=\"overlay fill\"\n                      style=\"background-color: rgba(0,0,0,.15)\">\n                  <\/div>\n                                                              <\/div>\n              <div class=\"box-text text-left\" >\n                 <p><\/p>\n              <\/div>\n            <\/div>\n            <\/a>          <\/div>\n         <\/div>\n         <\/div>\n\t<div id=\"gap-174879107\" class=\"gap-element clearfix\" style=\"display:block; height:auto;\">\n\t\t\n<style>\n#gap-174879107 {\n  padding-top: 30px;\n}\n<\/style>\n\t<\/div>\n\t\n<a href=\"https:\/\/yukarisokak.com\/?page_id=18\" target=\"_self\" class=\"button primary is-shade is-larger box-shadow-4 box-shadow-1-hover\"  style=\"border-radius:10px;\">\n    <span>rezervasyon<\/span>\n  <i class=\"icon-angle-right\" ><\/i><\/a>\n\n","protected":false},"excerpt":{"rendered":"<p>Y\u00fcksek hat\u0131ll\u0131 tavanl\u0131 1 numaral\u0131 odam\u0131z ;<\/p>\n","protected":false},"author":1,"featured_media":0,"parent":0,"menu_order":0,"comment_status":"closed","ping_status":"closed","template":"","meta":{"footnotes":""},"class_list":["post-98","page","type-page","status-publish","hentry"],"_links":{"self":[{"href":"https:\/\/yukarisokak.com\/index.php?rest_route=\/wp\/v2\/pages\/98","targetHints":{"allow":["GET"]}}],"collection":[{"href":"https:\/\/yukarisokak.com\/index.php?rest_route=\/wp\/v2\/pages"}],"about":[{"href":"https:\/\/yukarisokak.com\/index.php?rest_route=\/wp\/v2\/types\/page"}],"author":[{"embeddable":true,"href":"https:\/\/yukarisokak.com\/index.php?rest_route=\/wp\/v2\/users\/1"}],"replies":[{"embeddable":true,"href":"https:\/\/yukarisokak.com\/index.php?rest_route=%2Fwp%2Fv2%2Fcomments&post=98"}],"version-history":[{"count":6,"href":"https:\/\/yukarisokak.com\/index.php?rest_route=\/wp\/v2\/pages\/98\/revisions"}],"predecessor-version":[{"id":208,"href":"https:\/\/yukarisokak.com\/index.php?rest_route=\/wp\/v2\/pages\/98\/revisions\/208"}],"wp:attachment":[{"href":"https:\/\/yukarisokak.com\/index.php?rest_route=%2Fwp%2Fv2%2Fmedia&parent=98"}],"curies":[{"name":"wp","href":"https:\/\/api.w.org\/{rel}","templated":true}]}}